{"id":9584,"date":"2021-09-21T03:03:00","date_gmt":"2021-09-21T03:03:00","guid":{"rendered":"https:\/\/dedonatis-partners.ch\/a-propos\/"},"modified":"2022-10-28T15:06:37","modified_gmt":"2022-10-28T15:06:37","slug":"a-propos","status":"publish","type":"page","link":"https:\/\/dedonatis-partners.ch\/de\/a-propos\/","title":{"rendered":"a-propos"},"content":{"rendered":"\t\t<div data-elementor-type=\"wp-page\" data-elementor-id=\"9584\" class=\"elementor elementor-9584 elementor-264\" data-elementor-post-type=\"page\">\n\t\t\t\t\t\t<section data-dce-background-overlay-image-url=\"https:\/\/dedonatis-partners.ch\/wp-content\/uploads\/2021\/09\/aropos.webp\" class=\"elementor-section elementor-top-section elementor-element elementor-element-fb90f0c elementor-section-height-min-height elementor-section-items-bottom elementor-section-boxed elementor-section-height-default\" data-id=\"fb90f0c\" data-element_type=\"section\" data-e-type=\"section\" data-settings=\"{&quot;background_background&quot;:&quot;classic&quot;,&quot;jet_parallax_layout_list&quot;:[]}\">\n\t\t\t\t\t\t\t<div class=\"elementor-background-overlay\"><\/div>\n\t\t\t\t\t\t\t<div class=\"elementor-container elementor-column-gap-default\">\n\t\t\t\t\t<div class=\"elementor-column elementor-col-100 elementor-top-column elementor-element elementor-element-c99e214\" data-id=\"c99e214\" data-element_type=\"column\" data-e-type=\"column\" data-settings=\"{&quot;background_background&quot;:&quot;classic&quot;}\">\n\t\t\t<div class=\"elementor-widget-wrap elementor-element-populated\">\n\t\t\t\t\t\t<div class=\"elementor-element elementor-element-5a56aad elementor-widget elementor-widget-image-box\" data-id=\"5a56aad\" data-element_type=\"widget\" data-e-type=\"widget\" data-widget_type=\"image-box.default\">\n\t\t\t\t<div class=\"elementor-widget-container\">\n\t\t\t\t\t<div class=\"elementor-image-box-wrapper\"><div class=\"elementor-image-box-content\"><h1 class=\"elementor-image-box-title\">De Donatis &amp; Partners AG<\/h1><\/div><\/div>\t\t\t\t<\/div>\n\t\t\t\t<\/div>\n\t\t\t\t\t<\/div>\n\t\t<\/div>\n\t\t\t\t\t<\/div>\n\t\t<\/section>\n\t\t\t\t<section class=\"elementor-section elementor-top-section elementor-element elementor-element-fb47e67 elementor-section-boxed elementor-section-height-default elementor-section-height-default\" data-id=\"fb47e67\" data-element_type=\"section\" data-e-type=\"section\" data-settings=\"{&quot;background_background&quot;:&quot;classic&quot;,&quot;jet_parallax_layout_list&quot;:[]}\">\n\t\t\t\t\t\t<div class=\"elementor-container elementor-column-gap-default\">\n\t\t\t\t\t<div class=\"elementor-column elementor-col-100 elementor-top-column elementor-element elementor-element-284506a\" data-id=\"284506a\" data-element_type=\"column\" data-e-type=\"column\">\n\t\t\t<div class=\"elementor-widget-wrap elementor-element-populated\">\n\t\t\t\t\t\t<section class=\"elementor-section elementor-inner-section elementor-element elementor-element-28c9595 elementor-section-boxed elementor-section-height-default elementor-section-height-default\" data-id=\"28c9595\" data-element_type=\"section\" data-e-type=\"section\" data-settings=\"{&quot;jet_parallax_layout_list&quot;:[]}\">\n\t\t\t\t\t\t<div class=\"elementor-container elementor-column-gap-default\">\n\t\t\t\t\t<div data-dce-background-overlay-image-url=\"https:\/\/dedonatis-partners.ch\/wp-content\/uploads\/2021\/09\/DD-donatis_2.webp\" class=\"elementor-column elementor-col-50 elementor-inner-column elementor-element elementor-element-66fb6bc\" data-id=\"66fb6bc\" data-element_type=\"column\" data-e-type=\"column\" data-settings=\"{&quot;background_background&quot;:&quot;classic&quot;}\">\n\t\t\t<div class=\"elementor-widget-wrap elementor-element-populated\">\n\t\t\t\t\t<div class=\"elementor-background-overlay\"><\/div>\n\t\t\t\t\t\t<div class=\"elementor-element elementor-element-698849b elementor-position-top elementor-widget elementor-widget-image-box\" data-id=\"698849b\" data-element_type=\"widget\" data-e-type=\"widget\" data-widget_type=\"image-box.default\">\n\t\t\t\t<div class=\"elementor-widget-container\">\n\t\t\t\t\t<div class=\"elementor-image-box-wrapper\"><figure class=\"elementor-image-box-img\"><img fetchpriority=\"high\" decoding=\"async\" width=\"446\" height=\"448\" src=\"https:\/\/dedonatis-partners.ch\/wp-content\/uploads\/2021\/09\/Nicole-De-Donatis-Messerli.webp\" class=\"attachment-full size-full wp-image-272\" alt=\"\" srcset=\"https:\/\/dedonatis-partners.ch\/wp-content\/uploads\/2021\/09\/Nicole-De-Donatis-Messerli.webp 446w, https:\/\/dedonatis-partners.ch\/wp-content\/uploads\/2021\/09\/Nicole-De-Donatis-Messerli-300x300.webp 300w, https:\/\/dedonatis-partners.ch\/wp-content\/uploads\/2021\/09\/Nicole-De-Donatis-Messerli-150x150.webp 150w, https:\/\/dedonatis-partners.ch\/wp-content\/uploads\/2021\/09\/Nicole-De-Donatis-Messerli-100x100.webp 100w\" sizes=\"(max-width: 446px) 100vw, 446px\" \/><\/figure><div class=\"elementor-image-box-content\"><h2 class=\"elementor-image-box-title\">Nicole De Donatis - Messerli<\/h2><\/div><\/div>\t\t\t\t<\/div>\n\t\t\t\t<\/div>\n\t\t\t\t<div class=\"elementor-element elementor-element-b254b42 elementor-shape-circle elementor-grid-0 e-grid-align-center elementor-widget elementor-widget-social-icons\" data-id=\"b254b42\" data-element_type=\"widget\" data-e-type=\"widget\" data-widget_type=\"social-icons.default\">\n\t\t\t\t<div class=\"elementor-widget-container\">\n\t\t\t\t\t\t\t<div class=\"elementor-social-icons-wrapper elementor-grid\" role=\"list\">\n\t\t\t\t\t\t\t<span class=\"elementor-grid-item\" role=\"listitem\">\n\t\t\t\t\t<a class=\"elementor-icon elementor-social-icon elementor-social-icon-envelope-open elementor-repeater-item-9fe8ce6\" href=\"mailto:nicole@dedonatis-partners.ch\" target=\"_blank\">\n\t\t\t\t\t\t<span class=\"elementor-screen-only\">Envelope-open<\/span>\n\t\t\t\t\t\t<i aria-hidden=\"true\" class=\"far fa-envelope-open\"><\/i>\t\t\t\t\t<\/a>\n\t\t\t\t<\/span>\n\t\t\t\t\t\t\t<span class=\"elementor-grid-item\" role=\"listitem\">\n\t\t\t\t\t<a class=\"elementor-icon elementor-social-icon elementor-social-icon-linkedin elementor-repeater-item-1f78283\" href=\"https:\/\/www.linkedin.com\/in\/nicole-de-donatis-messerli-2a772435\/\" target=\"_blank\">\n\t\t\t\t\t\t<span class=\"elementor-screen-only\">Linkedin<\/span>\n\t\t\t\t\t\t<i aria-hidden=\"true\" class=\"fab fa-linkedin\"><\/i>\t\t\t\t\t<\/a>\n\t\t\t\t<\/span>\n\t\t\t\t\t<\/div>\n\t\t\t\t\t\t<\/div>\n\t\t\t\t<\/div>\n\t\t\t\t<div class=\"elementor-element elementor-element-8389d41 elementor-widget elementor-widget-image-box\" data-id=\"8389d41\" data-element_type=\"widget\" data-e-type=\"widget\" data-widget_type=\"image-box.default\">\n\t\t\t\t<div class=\"elementor-widget-container\">\n\t\t\t\t\t<div class=\"elementor-image-box-wrapper\"><div class=\"elementor-image-box-content\"><h1 class=\"elementor-image-box-title\">Eine Leidenschaft f\u00fcr Marketing und Kommunikation<\/h1><p class=\"elementor-image-box-description\">Ob f\u00fcr multinationale, nationale oder lokale Unternehmen, ich habe mich immer um Marketing, Kommunikation und Verkauf gek\u00fcmmert. Nicht zu vergessen die Erfahrungen in der Produktion, die es mir heute erm\u00f6glichen, die Kunden umfassend zu beraten und ihnen L\u00f6sungen anzubieten, auf die ich gro\u00dfen Wert lege.  \n<br><br>\nIch bin fest davon \u00fcberzeugt, dass ein pers\u00f6nlicher und konstruktiver Austausch mit Kunden und Partnern heute von gr\u00f6\u00dfter Bedeutung ist.\n<br><br>\nDie Digitalisierung nimmt einen gro\u00dfen Teil unseres Arbeits- und Privatlebens ein.  \n<br><br>\nDeshalb ist es wichtig, eine individuelle Beratung aufrechtzuerhalten und gleichzeitig den Klienten L\u00f6sungen anzubieten, die ihnen Zeit f\u00fcr die Erledigung ihrer t\u00e4glichen Aufgaben verschaffen<\/p><\/div><\/div>\t\t\t\t<\/div>\n\t\t\t\t<\/div>\n\t\t\t\t<div class=\"elementor-element elementor-element-d40097e elementor-view-default elementor-widget elementor-widget-icon\" data-id=\"d40097e\" data-element_type=\"widget\" data-e-type=\"widget\" data-widget_type=\"icon.default\">\n\t\t\t\t<div class=\"elementor-widget-container\">\n\t\t\t\t\t\t\t<div class=\"elementor-icon-wrapper\">\n\t\t\t<div class=\"elementor-icon\">\n\t\t\t<i aria-hidden=\"true\" class=\"fas fa-quote-right\"><\/i>\t\t\t<\/div>\n\t\t<\/div>\n\t\t\t\t\t\t<\/div>\n\t\t\t\t<\/div>\n\t\t\t\t<div class=\"elementor-element elementor-element-df33ccb elementor-position-left elementor-vertical-align-middle elementor-widget elementor-widget-image-box\" data-id=\"df33ccb\" data-element_type=\"widget\" data-e-type=\"widget\" data-widget_type=\"image-box.default\">\n\t\t\t\t<div class=\"elementor-widget-container\">\n\t\t\t\t\t<div class=\"elementor-image-box-wrapper\"><figure class=\"elementor-image-box-img\"><a href=\"https:\/\/smc-biel.ch\/\" target=\"_blank\" rel=\"nofollow\" tabindex=\"-1\"><img decoding=\"async\" width=\"192\" height=\"82\" src=\"https:\/\/dedonatis-partners.ch\/wp-content\/uploads\/2021\/09\/logo_bienneseeland.webp\" class=\"attachment-full size-full wp-image-282\" alt=\"\" \/><\/a><\/figure><div class=\"elementor-image-box-content\"><p class=\"elementor-image-box-description\">Pr\u00e4sidentin SMC Biel-Seeland<\/p><\/div><\/div>\t\t\t\t<\/div>\n\t\t\t\t<\/div>\n\t\t\t\t<div class=\"elementor-element elementor-element-3d8dd3d elementor-position-left elementor-vertical-align-middle elementor-widget elementor-widget-image-box\" data-id=\"3d8dd3d\" data-element_type=\"widget\" data-e-type=\"widget\" data-widget_type=\"image-box.default\">\n\t\t\t\t<div class=\"elementor-widget-container\">\n\t\t\t\t\t<div class=\"elementor-image-box-wrapper\"><figure class=\"elementor-image-box-img\"><a href=\"https:\/\/www.bielerkmu.ch\/fr_FR\/\" target=\"_blank\" rel=\"nofollow\" tabindex=\"-1\"><img decoding=\"async\" width=\"264\" height=\"96\" src=\"https:\/\/dedonatis-partners.ch\/wp-content\/uploads\/2021\/09\/Logo_pme.webp\" class=\"attachment-full size-full wp-image-283\" alt=\"\" \/><\/a><\/figure><div class=\"elementor-image-box-content\"><p class=\"elementor-image-box-description\">Mitglied CD - Sektor Kommunikation\n<\/p><\/div><\/div>\t\t\t\t<\/div>\n\t\t\t\t<\/div>\n\t\t\t\t\t<\/div>\n\t\t<\/div>\n\t\t\t\t<div data-dce-background-overlay-image-url=\"https:\/\/dedonatis-partners.ch\/wp-content\/uploads\/2021\/09\/DD-donatis_2.webp\" class=\"elementor-column elementor-col-50 elementor-inner-column elementor-element elementor-element-7dce03b\" data-id=\"7dce03b\" data-element_type=\"column\" data-e-type=\"column\" data-settings=\"{&quot;background_background&quot;:&quot;classic&quot;}\">\n\t\t\t<div class=\"elementor-widget-wrap elementor-element-populated\">\n\t\t\t\t\t<div class=\"elementor-background-overlay\"><\/div>\n\t\t\t\t\t\t<div class=\"elementor-element elementor-element-0f7a8e1 elementor-position-top elementor-widget elementor-widget-image-box\" data-id=\"0f7a8e1\" data-element_type=\"widget\" data-e-type=\"widget\" data-widget_type=\"image-box.default\">\n\t\t\t\t<div class=\"elementor-widget-container\">\n\t\t\t\t\t<div class=\"elementor-image-box-wrapper\"><figure class=\"elementor-image-box-img\"><img loading=\"lazy\" decoding=\"async\" width=\"446\" height=\"448\" src=\"https:\/\/dedonatis-partners.ch\/wp-content\/uploads\/2021\/09\/Antonio-De-Donatis.webp\" class=\"attachment-full size-full wp-image-274\" alt=\"\" srcset=\"https:\/\/dedonatis-partners.ch\/wp-content\/uploads\/2021\/09\/Antonio-De-Donatis.webp 446w, https:\/\/dedonatis-partners.ch\/wp-content\/uploads\/2021\/09\/Antonio-De-Donatis-300x300.webp 300w, https:\/\/dedonatis-partners.ch\/wp-content\/uploads\/2021\/09\/Antonio-De-Donatis-150x150.webp 150w, https:\/\/dedonatis-partners.ch\/wp-content\/uploads\/2021\/09\/Antonio-De-Donatis-100x100.webp 100w\" sizes=\"(max-width: 446px) 100vw, 446px\" \/><\/figure><div class=\"elementor-image-box-content\"><h2 class=\"elementor-image-box-title\">Antonio De Donatis<\/h2><\/div><\/div>\t\t\t\t<\/div>\n\t\t\t\t<\/div>\n\t\t\t\t<div class=\"elementor-element elementor-element-52646cb elementor-shape-circle elementor-grid-0 e-grid-align-center elementor-widget elementor-widget-social-icons\" data-id=\"52646cb\" data-element_type=\"widget\" data-e-type=\"widget\" data-widget_type=\"social-icons.default\">\n\t\t\t\t<div class=\"elementor-widget-container\">\n\t\t\t\t\t\t\t<div class=\"elementor-social-icons-wrapper elementor-grid\" role=\"list\">\n\t\t\t\t\t\t\t<span class=\"elementor-grid-item\" role=\"listitem\">\n\t\t\t\t\t<a class=\"elementor-icon elementor-social-icon elementor-social-icon-envelope-open elementor-repeater-item-9fe8ce6\" href=\"mailto:antonio@dedonatis-partners.ch\" target=\"_blank\">\n\t\t\t\t\t\t<span class=\"elementor-screen-only\">Envelope-open<\/span>\n\t\t\t\t\t\t<i aria-hidden=\"true\" class=\"far fa-envelope-open\"><\/i>\t\t\t\t\t<\/a>\n\t\t\t\t<\/span>\n\t\t\t\t\t\t\t<span class=\"elementor-grid-item\" role=\"listitem\">\n\t\t\t\t\t<a class=\"elementor-icon elementor-social-icon elementor-social-icon-linkedin elementor-repeater-item-1f78283\" href=\"https:\/\/www.linkedin.com\/in\/antonio-dedonatis\" target=\"_blank\">\n\t\t\t\t\t\t<span class=\"elementor-screen-only\">Linkedin<\/span>\n\t\t\t\t\t\t<i aria-hidden=\"true\" class=\"fab fa-linkedin\"><\/i>\t\t\t\t\t<\/a>\n\t\t\t\t<\/span>\n\t\t\t\t\t<\/div>\n\t\t\t\t\t\t<\/div>\n\t\t\t\t<\/div>\n\t\t\t\t<div class=\"elementor-element elementor-element-2eb301b elementor-widget elementor-widget-image-box\" data-id=\"2eb301b\" data-element_type=\"widget\" data-e-type=\"widget\" data-widget_type=\"image-box.default\">\n\t\t\t\t<div class=\"elementor-widget-container\">\n\t\t\t\t\t<div class=\"elementor-image-box-wrapper\"><div class=\"elementor-image-box-content\"><h1 class=\"elementor-image-box-title\">Kommunizieren Sie mit Leidenschaft!<\/h1><p class=\"elementor-image-box-description\">Das ist das Motto, mit dem ich seit \u00fcber 30 Jahren zusammenarbeite und den Kunden in allen Phasen des Drucks und der Kommunikationsmedien begleite.\n<br><br>\nDank meiner nachgewiesenen Erfahrung in der Veranstaltungsbranche und meiner Aufmerksamkeit f\u00fcr die kleinsten Details kann ich eine Kunden-\/Mitarbeiterveranstaltung organisieren oder einfach nur einen ganz bestimmten Moment markieren. Kommunikation und Veranstaltungen lassen sich f\u00fcr den Erfolg Ihres Marketingprojekts perfekt kombinieren.\n<br><br>\nOb es sich um Arbeiten oder Mandate f\u00fcr Unternehmen aus den Bereichen Luxus, Sport, Messen und\/oder Veranstaltungen handelt, wichtig ist, dass wir immer mit derselben Leidenschaft und Gr\u00fcndlichkeit arbeiten, um jeden Bedarf voll und ganz zu befriedigen und jedes Detail zu pflegen.\n<br><br>\nQualit\u00e4t, Preis und Zeit sind der Schl\u00fcssel zum Erfolg f\u00fcr mich und f\u00fcr Sie!<\/p><\/div><\/div>\t\t\t\t<\/div>\n\t\t\t\t<\/div>\n\t\t\t\t<div class=\"elementor-element elementor-element-9778b6b elementor-view-default elementor-widget elementor-widget-icon\" data-id=\"9778b6b\" data-element_type=\"widget\" data-e-type=\"widget\" data-widget_type=\"icon.default\">\n\t\t\t\t<div class=\"elementor-widget-container\">\n\t\t\t\t\t\t\t<div class=\"elementor-icon-wrapper\">\n\t\t\t<div class=\"elementor-icon\">\n\t\t\t<i aria-hidden=\"true\" class=\"fas fa-quote-right\"><\/i>\t\t\t<\/div>\n\t\t<\/div>\n\t\t\t\t\t\t<\/div>\n\t\t\t\t<\/div>\n\t\t\t\t<div class=\"elementor-element elementor-element-6d52a7d elementor-position-left elementor-vertical-align-middle elementor-widget elementor-widget-image-box\" data-id=\"6d52a7d\" data-element_type=\"widget\" data-e-type=\"widget\" data-widget_type=\"image-box.default\">\n\t\t\t\t<div class=\"elementor-widget-container\">\n\t\t\t\t\t<div class=\"elementor-image-box-wrapper\"><figure class=\"elementor-image-box-img\"><a href=\"https:\/\/www.bielerkmu.ch\/fr_FR\/\" target=\"_blank\" rel=\"nofollow\" tabindex=\"-1\"><img decoding=\"async\" src=\"https:\/\/dedonatis-partners.ch\/wp-content\/uploads\/elementor\/thumbs\/LCI_emblem_2color_web-prgg5p26evbvu9wedx3wasontebwyxv29hj1qynumi.png\" title=\"LCI_emblem_2color_web\" alt=\"LCI_emblem_2color_web\" loading=\"lazy\" \/><\/a><\/figure><div class=\"elementor-image-box-content\"><p class=\"elementor-image-box-description\">Mitglied LC Espace Biel-Bienne<\/p><\/div><\/div>\t\t\t\t<\/div>\n\t\t\t\t<\/div>\n\t\t\t\t<div class=\"elementor-element elementor-element-dec9ff6 elementor-position-left elementor-vertical-align-middle elementor-widget elementor-widget-image-box\" data-id=\"dec9ff6\" data-element_type=\"widget\" data-e-type=\"widget\" data-widget_type=\"image-box.default\">\n\t\t\t\t<div class=\"elementor-widget-container\">\n\t\t\t\t\t<div class=\"elementor-image-box-wrapper\"><figure class=\"elementor-image-box-img\"><a href=\"https:\/\/www.lakelive.ch\/webroot\/source\/index.php?rubricId=9\" target=\"_blank\" rel=\"nofollow\" tabindex=\"-1\"><img decoding=\"async\" src=\"https:\/\/dedonatis-partners.ch\/wp-content\/uploads\/elementor\/thumbs\/logo_lakelive-pwti9ooydjq9v0n7tgy5i6w6k0pnatcx498qz4pnt6.png\" title=\"logo_lakelive\" alt=\"logo_lakelive\" loading=\"lazy\" \/><\/a><\/figure><div class=\"elementor-image-box-content\"><p class=\"elementor-image-box-description\">Supporter Committee Club of the Lakelive<\/p><\/div><\/div>\t\t\t\t<\/div>\n\t\t\t\t<\/div>\n\t\t\t\t\t<\/div>\n\t\t<\/div>\n\t\t\t\t\t<\/div>\n\t\t<\/section>\n\t\t\t\t\t<\/div>\n\t\t<\/div>\n\t\t\t\t\t<\/div>\n\t\t<\/section>\n\t\t\t\t<\/div>\n\t\t","protected":false},"excerpt":{"rendered":"<p>De Donatis &amp; Partners AG Nicole De Donatis &#8211; Messerli Envelope-open Linkedin Eine Leidenschaft f\u00fcr Marketing und Kommunikation Ob f\u00fcr multinationale, nationale oder lokale Unternehmen, ich habe mich immer um Marketing, Kommunikation und Verkauf gek\u00fcmmert. Nicht zu vergessen die Erfahrungen in der Produktion, die es mir heute erm\u00f6glichen, die Kunden umfassend zu beraten und ihnen &#8230; <a title=\"a-propos\" class=\"read-more\" href=\"https:\/\/dedonatis-partners.ch\/de\/a-propos\/\" aria-label=\"Mehr Informationen \u00fcber a-propos\">Weiterlesen &#8230;<\/a><\/p>\n","protected":false},"author":1,"featured_media":0,"parent":0,"menu_order":0,"comment_status":"closed","ping_status":"closed","template":"","meta":{"_acf_changed":false,"_uag_custom_page_level_css":"","_jet_sm_ready_style":"","_jet_sm_style":"","_jet_sm_controls_values":"","_jet_sm_fonts_collection":"","_jet_sm_fonts_links":"","footnotes":""},"categories":[],"class_list":["post-9584","page","type-page","status-publish"],"acf":[],"uagb_featured_image_src":{"full":false,"thumbnail":false,"medium":false,"medium_large":false,"large":false,"1536x1536":false,"2048x2048":false,"woocommerce_thumbnail":false,"woocommerce_single":false,"woocommerce_gallery_thumbnail":false},"uagb_author_info":{"display_name":"Marcel","author_link":"https:\/\/dedonatis-partners.ch\/de\/author\/marcel-heinigergmail-com\/"},"uagb_comment_info":0,"uagb_excerpt":"De Donatis &amp; Partners AG Nicole De Donatis &#8211; Messerli Envelope-open Linkedin Eine Leidenschaft f\u00fcr Marketing und Kommunikation Ob f\u00fcr multinationale, nationale oder lokale Unternehmen, ich habe mich immer um Marketing, Kommunikation und Verkauf gek\u00fcmmert. Nicht zu vergessen die Erfahrungen in der Produktion, die es mir heute erm\u00f6glichen, die Kunden umfassend zu beraten und ihnen&hellip;","jetpack_sharing_enabled":true,"_links":{"self":[{"href":"https:\/\/dedonatis-partners.ch\/de\/wp-json\/wp\/v2\/pages\/9584","targetHints":{"allow":["GET"]}}],"collection":[{"href":"https:\/\/dedonatis-partners.ch\/de\/wp-json\/wp\/v2\/pages"}],"about":[{"href":"https:\/\/dedonatis-partners.ch\/de\/wp-json\/wp\/v2\/types\/page"}],"author":[{"embeddable":true,"href":"https:\/\/dedonatis-partners.ch\/de\/wp-json\/wp\/v2\/users\/1"}],"replies":[{"embeddable":true,"href":"https:\/\/dedonatis-partners.ch\/de\/wp-json\/wp\/v2\/comments?post=9584"}],"version-history":[{"count":12,"href":"https:\/\/dedonatis-partners.ch\/de\/wp-json\/wp\/v2\/pages\/9584\/revisions"}],"predecessor-version":[{"id":15415,"href":"https:\/\/dedonatis-partners.ch\/de\/wp-json\/wp\/v2\/pages\/9584\/revisions\/15415"}],"wp:attachment":[{"href":"https:\/\/dedonatis-partners.ch\/de\/wp-json\/wp\/v2\/media?parent=9584"}],"wp:term":[{"taxonomy":"category","embeddable":true,"href":"https:\/\/dedonatis-partners.ch\/de\/wp-json\/wp\/v2\/categories?post=9584"}],"curies":[{"name":"wp","href":"https:\/\/api.w.org\/{rel}","templated":true}]}}