{"id":9609,"date":"2021-09-22T10:01:38","date_gmt":"2021-09-22T10:01:38","guid":{"rendered":"https:\/\/dedonatis-partners.ch\/download\/"},"modified":"2022-09-18T17:09:29","modified_gmt":"2022-09-18T17:09:29","slug":"download","status":"publish","type":"page","link":"https:\/\/dedonatis-partners.ch\/de\/download\/","title":{"rendered":"Download"},"content":{"rendered":"\t\t<div data-elementor-type=\"wp-page\" data-elementor-id=\"9609\" class=\"elementor elementor-9609 elementor-496\" data-elementor-post-type=\"page\">\n\t\t\t\t\t\t<section data-dce-background-overlay-image-url=\"https:\/\/dedonatis-partners.ch\/wp-content\/uploads\/2021\/09\/hero_download.webp\" class=\"elementor-section elementor-top-section elementor-element elementor-element-6b901785 elementor-section-height-min-height elementor-section-items-bottom elementor-section-boxed elementor-section-height-default\" data-id=\"6b901785\" data-element_type=\"section\" data-e-type=\"section\" data-settings=\"{&quot;background_background&quot;:&quot;classic&quot;,&quot;jet_parallax_layout_list&quot;:[]}\">\n\t\t\t\t\t\t\t<div class=\"elementor-background-overlay\"><\/div>\n\t\t\t\t\t\t\t<div class=\"elementor-container elementor-column-gap-default\">\n\t\t\t\t\t<div class=\"elementor-column elementor-col-100 elementor-top-column elementor-element elementor-element-298833df\" data-id=\"298833df\" data-element_type=\"column\" data-e-type=\"column\" data-settings=\"{&quot;background_background&quot;:&quot;classic&quot;}\">\n\t\t\t<div class=\"elementor-widget-wrap elementor-element-populated\">\n\t\t\t\t\t\t<div class=\"elementor-element elementor-element-279f2a09 elementor-widget elementor-widget-image-box\" data-id=\"279f2a09\" data-element_type=\"widget\" data-e-type=\"widget\" data-widget_type=\"image-box.default\">\n\t\t\t\t<div class=\"elementor-widget-container\">\n\t\t\t\t\t<div class=\"elementor-image-box-wrapper\"><div class=\"elementor-image-box-content\"><h1 class=\"elementor-image-box-title\">Download<\/h1><\/div><\/div>\t\t\t\t<\/div>\n\t\t\t\t<\/div>\n\t\t\t\t\t<\/div>\n\t\t<\/div>\n\t\t\t\t\t<\/div>\n\t\t<\/section>\n\t\t\t\t<section class=\"elementor-section elementor-top-section elementor-element elementor-element-8492e7a elementor-section-boxed elementor-section-height-default elementor-section-height-default\" data-id=\"8492e7a\" data-element_type=\"section\" data-e-type=\"section\" data-settings=\"{&quot;background_background&quot;:&quot;classic&quot;,&quot;jet_parallax_layout_list&quot;:[]}\">\n\t\t\t\t\t\t<div class=\"elementor-container elementor-column-gap-default\">\n\t\t\t\t\t<div class=\"elementor-column elementor-col-100 elementor-top-column elementor-element elementor-element-398535f\" data-id=\"398535f\" data-element_type=\"column\" data-e-type=\"column\">\n\t\t\t<div class=\"elementor-widget-wrap elementor-element-populated\">\n\t\t\t\t\t\t<div class=\"elementor-element elementor-element-a02d4b9 elementor-widget elementor-widget-heading\" data-id=\"a02d4b9\" data-element_type=\"widget\" data-e-type=\"widget\" data-widget_type=\"heading.default\">\n\t\t\t\t<div class=\"elementor-widget-container\">\n\t\t\t\t\t<h2 class=\"elementor-heading-title elementor-size-default\">Firmenbrosch\u00fcre \/ Plaquette d'entreprise\n<\/h2>\t\t\t\t<\/div>\n\t\t\t\t<\/div>\n\t\t\t\t<div class=\"elementor-element elementor-element-baac329 elementor-widget__width-auto elementor-position-top elementor-widget elementor-widget-image-box\" data-id=\"baac329\" data-element_type=\"widget\" data-e-type=\"widget\" data-widget_type=\"image-box.default\">\n\t\t\t\t<div class=\"elementor-widget-container\">\n\t\t\t\t\t<div class=\"elementor-image-box-wrapper\"><figure class=\"elementor-image-box-img\"><a href=\"https:\/\/23e3d605-170e-4fe8-85d0-c230d7e28798.filesusr.com\/ugd\/02e47f_82f66597a0ad4273a54abd5143eb84af.pdf\" target=\"_blank\" tabindex=\"-1\"><img fetchpriority=\"high\" decoding=\"async\" width=\"244\" height=\"244\" src=\"https:\/\/dedonatis-partners.ch\/wp-content\/uploads\/2021\/09\/brocure.webp\" class=\"attachment-full size-full wp-image-655\" alt=\"\" srcset=\"https:\/\/dedonatis-partners.ch\/wp-content\/uploads\/2021\/09\/brocure.webp 244w, https:\/\/dedonatis-partners.ch\/wp-content\/uploads\/2021\/09\/brocure-150x150.webp 150w, https:\/\/dedonatis-partners.ch\/wp-content\/uploads\/2021\/09\/brocure-100x100.webp 100w\" sizes=\"(max-width: 244px) 100vw, 244px\" \/><\/a><\/figure><div class=\"elementor-image-box-content\"><h3 class=\"elementor-image-box-title\"><a href=\"https:\/\/23e3d605-170e-4fe8-85d0-c230d7e28798.filesusr.com\/ugd\/02e47f_82f66597a0ad4273a54abd5143eb84af.pdf\" target=\"_blank\">Deutsch  <\/a><\/h3><\/div><\/div>\t\t\t\t<\/div>\n\t\t\t\t<\/div>\n\t\t\t\t<div class=\"elementor-element elementor-element-2b3f565 elementor-widget__width-auto elementor-position-top elementor-widget elementor-widget-image-box\" data-id=\"2b3f565\" data-element_type=\"widget\" data-e-type=\"widget\" data-widget_type=\"image-box.default\">\n\t\t\t\t<div class=\"elementor-widget-container\">\n\t\t\t\t\t<div class=\"elementor-image-box-wrapper\"><figure class=\"elementor-image-box-img\"><a href=\"https:\/\/23e3d605-170e-4fe8-85d0-c230d7e28798.filesusr.com\/ugd\/02e47f_6ef07c6bcd9a4af4a11a036afa9aaa7e.pdf\" target=\"_blank\" tabindex=\"-1\"><img fetchpriority=\"high\" decoding=\"async\" width=\"244\" height=\"244\" src=\"https:\/\/dedonatis-partners.ch\/wp-content\/uploads\/2021\/09\/brocure.webp\" class=\"attachment-full size-full wp-image-655\" alt=\"\" srcset=\"https:\/\/dedonatis-partners.ch\/wp-content\/uploads\/2021\/09\/brocure.webp 244w, https:\/\/dedonatis-partners.ch\/wp-content\/uploads\/2021\/09\/brocure-150x150.webp 150w, https:\/\/dedonatis-partners.ch\/wp-content\/uploads\/2021\/09\/brocure-100x100.webp 100w\" sizes=\"(max-width: 244px) 100vw, 244px\" \/><\/a><\/figure><div class=\"elementor-image-box-content\"><h3 class=\"elementor-image-box-title\"><a href=\"https:\/\/23e3d605-170e-4fe8-85d0-c230d7e28798.filesusr.com\/ugd\/02e47f_6ef07c6bcd9a4af4a11a036afa9aaa7e.pdf\" target=\"_blank\">Franz\u00f6sisch<\/a><\/h3><\/div><\/div>\t\t\t\t<\/div>\n\t\t\t\t<\/div>\n\t\t\t\t\t<\/div>\n\t\t<\/div>\n\t\t\t\t\t<\/div>\n\t\t<\/section>\n\t\t\t\t<section class=\"elementor-section elementor-top-section elementor-element elementor-element-052138e elementor-section-boxed elementor-section-height-default elementor-section-height-default\" data-id=\"052138e\" data-element_type=\"section\" data-e-type=\"section\" data-settings=\"{&quot;background_background&quot;:&quot;classic&quot;,&quot;jet_parallax_layout_list&quot;:[]}\">\n\t\t\t\t\t\t<div class=\"elementor-container elementor-column-gap-default\">\n\t\t\t\t\t<div class=\"elementor-column elementor-col-100 elementor-top-column elementor-element elementor-element-c73a55b\" data-id=\"c73a55b\" data-element_type=\"column\" data-e-type=\"column\">\n\t\t\t<div class=\"elementor-widget-wrap elementor-element-populated\">\n\t\t\t\t\t\t<div class=\"elementor-element elementor-element-c0f5cd1 elementor-widget elementor-widget-heading\" data-id=\"c0f5cd1\" data-element_type=\"widget\" data-e-type=\"widget\" data-widget_type=\"heading.default\">\n\t\t\t\t<div class=\"elementor-widget-container\">\n\t\t\t\t\t<h2 class=\"elementor-heading-title elementor-size-default\">Artikel \/ Articles<\/h2>\t\t\t\t<\/div>\n\t\t\t\t<\/div>\n\t\t\t\t<div class=\"elementor-element elementor-element-abb7655 elementor-widget__width-auto elementor-position-top elementor-widget elementor-widget-image-box\" data-id=\"abb7655\" data-element_type=\"widget\" data-e-type=\"widget\" data-widget_type=\"image-box.default\">\n\t\t\t\t<div class=\"elementor-widget-container\">\n\t\t\t\t\t<div class=\"elementor-image-box-wrapper\"><figure class=\"elementor-image-box-img\"><a href=\"https:\/\/23e3d605-170e-4fe8-85d0-c230d7e28798.filesusr.com\/ugd\/02e47f_953da1d316594bb0a7faea8bc35f2e1e.pdf\" target=\"_blank\" tabindex=\"-1\"><img decoding=\"async\" width=\"170\" height=\"244\" src=\"https:\/\/dedonatis-partners.ch\/wp-content\/uploads\/2021\/09\/Article1.webp\" class=\"attachment-full size-full wp-image-666\" alt=\"\" \/><\/a><\/figure><div class=\"elementor-image-box-content\"><h3 class=\"elementor-image-box-title\"><a href=\"https:\/\/23e3d605-170e-4fe8-85d0-c230d7e28798.filesusr.com\/ugd\/02e47f_953da1d316594bb0a7faea8bc35f2e1e.pdf\" target=\"_blank\">Digital vs. Print<\/a><\/h3><p class=\"elementor-image-box-description\">Artikel Cominmag (Deutsch)<\/p><\/div><\/div>\t\t\t\t<\/div>\n\t\t\t\t<\/div>\n\t\t\t\t<div class=\"elementor-element elementor-element-cd95b34 elementor-widget__width-auto elementor-position-top elementor-widget elementor-widget-image-box\" data-id=\"cd95b34\" data-element_type=\"widget\" data-e-type=\"widget\" data-widget_type=\"image-box.default\">\n\t\t\t\t<div class=\"elementor-widget-container\">\n\t\t\t\t\t<div class=\"elementor-image-box-wrapper\"><figure class=\"elementor-image-box-img\"><a href=\"https:\/\/23e3d605-170e-4fe8-85d0-c230d7e28798.filesusr.com\/ugd\/02e47f_d0ab09a08f8844c9b67a1a1da77e5ac1.pdf\" target=\"_blank\" tabindex=\"-1\"><img decoding=\"async\" width=\"184\" height=\"244\" src=\"https:\/\/dedonatis-partners.ch\/wp-content\/uploads\/2021\/09\/Article2.webp\" class=\"attachment-full size-full wp-image-667\" alt=\"\" \/><\/a><\/figure><div class=\"elementor-image-box-content\"><h3 class=\"elementor-image-box-title\"><a href=\"https:\/\/23e3d605-170e-4fe8-85d0-c230d7e28798.filesusr.com\/ugd\/02e47f_d0ab09a08f8844c9b67a1a1da77e5ac1.pdf\" target=\"_blank\">Perfektes Schwarz beim Drucken<\/a><\/h3><p class=\"elementor-image-box-description\">Artikel Cominmag (Deutsch)<\/p><\/div><\/div>\t\t\t\t<\/div>\n\t\t\t\t<\/div>\n\t\t\t\t<div class=\"elementor-element elementor-element-b469b5a elementor-widget__width-auto elementor-position-top elementor-widget elementor-widget-image-box\" data-id=\"b469b5a\" data-element_type=\"widget\" data-e-type=\"widget\" data-widget_type=\"image-box.default\">\n\t\t\t\t<div class=\"elementor-widget-container\">\n\t\t\t\t\t<div class=\"elementor-image-box-wrapper\"><figure class=\"elementor-image-box-img\"><a href=\"https:\/\/23e3d605-170e-4fe8-85d0-c230d7e28798.filesusr.com\/ugd\/02e47f_d0ab09a08f8844c9b67a1a1da77e5ac1.pdf\" target=\"_blank\" tabindex=\"-1\"><img loading=\"lazy\" decoding=\"async\" width=\"170\" height=\"244\" src=\"https:\/\/dedonatis-partners.ch\/wp-content\/uploads\/2021\/09\/Article3.webp\" class=\"attachment-full size-full wp-image-668\" alt=\"\" \/><\/a><\/figure><div class=\"elementor-image-box-content\"><h3 class=\"elementor-image-box-title\"><a href=\"https:\/\/23e3d605-170e-4fe8-85d0-c230d7e28798.filesusr.com\/ugd\/02e47f_d0ab09a08f8844c9b67a1a1da77e5ac1.pdf\" target=\"_blank\">8 Fragen an ... Nicole De Donatis<\/a><\/h3><p class=\"elementor-image-box-description\">Artikel Swiss Marketing Magazine (Deutsch)<\/p><\/div><\/div>\t\t\t\t<\/div>\n\t\t\t\t<\/div>\n\t\t\t\t\t<\/div>\n\t\t<\/div>\n\t\t\t\t\t<\/div>\n\t\t<\/section>\n\t\t\t\t<section class=\"elementor-section elementor-top-section elementor-element elementor-element-450c56e elementor-section-boxed elementor-section-height-default elementor-section-height-default\" data-id=\"450c56e\" data-element_type=\"section\" data-e-type=\"section\" data-settings=\"{&quot;background_background&quot;:&quot;classic&quot;,&quot;jet_parallax_layout_list&quot;:[]}\">\n\t\t\t\t\t\t<div class=\"elementor-container elementor-column-gap-default\">\n\t\t\t\t\t<div class=\"elementor-column elementor-col-100 elementor-top-column elementor-element elementor-element-aca1b04\" data-id=\"aca1b04\" data-element_type=\"column\" data-e-type=\"column\">\n\t\t\t<div class=\"elementor-widget-wrap elementor-element-populated\">\n\t\t\t\t\t\t<div class=\"elementor-element elementor-element-7b8a632 elementor-widget elementor-widget-heading\" data-id=\"7b8a632\" data-element_type=\"widget\" data-e-type=\"widget\" data-widget_type=\"heading.default\">\n\t\t\t\t<div class=\"elementor-widget-container\">\n\t\t\t\t\t<h2 class=\"elementor-heading-title elementor-size-default\">Textil-Kataloge \/ Textilkataloge<\/h2>\t\t\t\t<\/div>\n\t\t\t\t<\/div>\n\t\t\t\t<div class=\"elementor-element elementor-element-6f19657 elementor-widget__width-initial elementor-position-top elementor-widget elementor-widget-image-box\" data-id=\"6f19657\" data-element_type=\"widget\" data-e-type=\"widget\" data-widget_type=\"image-box.default\">\n\t\t\t\t<div class=\"elementor-widget-container\">\n\t\t\t\t\t<div class=\"elementor-image-box-wrapper\"><figure class=\"elementor-image-box-img\"><a href=\"https:\/\/view.joomag.com\/new-wave-switzerland-jharvestfrost-2020-swiss\/0247927001580913436?short&#038;\" target=\"_blank\" tabindex=\"-1\"><img loading=\"lazy\" decoding=\"async\" width=\"204\" height=\"266\" src=\"https:\/\/dedonatis-partners.ch\/wp-content\/uploads\/2021\/09\/jhf_ss20_cover.webp\" class=\"attachment-full size-full wp-image-694\" alt=\"\" \/><\/a><\/figure><div class=\"elementor-image-box-content\"><h3 class=\"elementor-image-box-title\"><a href=\"https:\/\/view.joomag.com\/new-wave-switzerland-jharvestfrost-2020-swiss\/0247927001580913436?short&#038;\" target=\"_blank\">J.Harvest &amp; Frost<\/a><\/h3><\/div><\/div>\t\t\t\t<\/div>\n\t\t\t\t<\/div>\n\t\t\t\t<div class=\"elementor-element elementor-element-e800522 elementor-widget__width-initial elementor-position-top elementor-widget elementor-widget-image-box\" data-id=\"e800522\" data-element_type=\"widget\" data-e-type=\"widget\" data-widget_type=\"image-box.default\">\n\t\t\t\t<div class=\"elementor-widget-container\">\n\t\t\t\t\t<div class=\"elementor-image-box-wrapper\"><figure class=\"elementor-image-box-img\"><a href=\"https:\/\/view.joomag.com\/new-wave-switzerland-clique-2020-switzerland-fr-chf-27-compressed\/0938373001588750822?short&#038;\" target=\"_blank\" tabindex=\"-1\"><img loading=\"lazy\" decoding=\"async\" width=\"204\" height=\"266\" src=\"https:\/\/dedonatis-partners.ch\/wp-content\/uploads\/2021\/09\/cover_cliquess20.webp\" class=\"attachment-full size-full wp-image-693\" alt=\"\" \/><\/a><\/figure><div class=\"elementor-image-box-content\"><h3 class=\"elementor-image-box-title\"><a href=\"https:\/\/view.joomag.com\/new-wave-switzerland-clique-2020-switzerland-fr-chf-27-compressed\/0938373001588750822?short&#038;\" target=\"_blank\">Klicke<\/a><\/h3><\/div><\/div>\t\t\t\t<\/div>\n\t\t\t\t<\/div>\n\t\t\t\t<div class=\"elementor-element elementor-element-e3b8a72 elementor-widget__width-initial elementor-position-top elementor-widget elementor-widget-image-box\" data-id=\"e3b8a72\" data-element_type=\"widget\" data-e-type=\"widget\" data-widget_type=\"image-box.default\">\n\t\t\t\t<div class=\"elementor-widget-container\">\n\t\t\t\t\t<div class=\"elementor-image-box-wrapper\"><figure class=\"elementor-image-box-img\"><a href=\"https:\/\/view.joomag.com\/new-wave-switzerland-paw2020-chfrwithprice\/0958876001578987314?short&#038;\" target=\"_blank\" tabindex=\"-1\"><img loading=\"lazy\" decoding=\"async\" width=\"204\" height=\"266\" src=\"https:\/\/dedonatis-partners.ch\/wp-content\/uploads\/2021\/09\/cover_printerss20.webp\" class=\"attachment-full size-full wp-image-692\" alt=\"\" \/><\/a><\/figure><div class=\"elementor-image-box-content\"><h3 class=\"elementor-image-box-title\"><a href=\"https:\/\/view.joomag.com\/new-wave-switzerland-paw2020-chfrwithprice\/0958876001578987314?short&#038;\" target=\"_blank\">Drucker<\/a><\/h3><\/div><\/div>\t\t\t\t<\/div>\n\t\t\t\t<\/div>\n\t\t\t\t<div class=\"elementor-element elementor-element-390aaf2 elementor-widget__width-initial elementor-position-top elementor-widget elementor-widget-image-box\" data-id=\"390aaf2\" data-element_type=\"widget\" data-e-type=\"widget\" data-widget_type=\"image-box.default\">\n\t\t\t\t<div class=\"elementor-widget-container\">\n\t\t\t\t\t<div class=\"elementor-image-box-wrapper\"><figure class=\"elementor-image-box-img\"><a href=\"https:\/\/view.joomag.com\/new-wave-switzerland-jhs2020-chfrwithprices\/0043930001579074016?short&#038;\" target=\"_blank\" tabindex=\"-1\"><img loading=\"lazy\" decoding=\"async\" width=\"204\" height=\"266\" src=\"https:\/\/dedonatis-partners.ch\/wp-content\/uploads\/2021\/09\/cover_harvestss20.webp\" class=\"attachment-full size-full wp-image-691\" alt=\"\" \/><\/a><\/figure><div class=\"elementor-image-box-content\"><h3 class=\"elementor-image-box-title\"><a href=\"https:\/\/view.joomag.com\/new-wave-switzerland-jhs2020-chfrwithprices\/0043930001579074016?short&#038;\" target=\"_blank\">J. Harvest Sportswear<\/a><\/h3><\/div><\/div>\t\t\t\t<\/div>\n\t\t\t\t<\/div>\n\t\t\t\t<div class=\"elementor-element elementor-element-07fff26 elementor-widget__width-initial elementor-position-top elementor-widget elementor-widget-image-box\" data-id=\"07fff26\" data-element_type=\"widget\" data-e-type=\"widget\" data-widget_type=\"image-box.default\">\n\t\t\t\t<div class=\"elementor-widget-container\">\n\t\t\t\t\t<div class=\"elementor-image-box-wrapper\"><figure class=\"elementor-image-box-img\"><a href=\"https:\/\/view.joomag.com\/projob-projob-2020-fr-chf\/0734186001578992804?short&#038;\" target=\"_blank\" tabindex=\"-1\"><img loading=\"lazy\" decoding=\"async\" width=\"204\" height=\"266\" src=\"https:\/\/dedonatis-partners.ch\/wp-content\/uploads\/2021\/09\/cover_projobss20.webp\" class=\"attachment-full size-full wp-image-690\" alt=\"\" \/><\/a><\/figure><div class=\"elementor-image-box-content\"><h3 class=\"elementor-image-box-title\"><a href=\"https:\/\/view.joomag.com\/projob-projob-2020-fr-chf\/0734186001578992804?short&#038;\" target=\"_blank\">Projob<\/a><\/h3><\/div><\/div>\t\t\t\t<\/div>\n\t\t\t\t<\/div>\n\t\t\t\t\t<\/div>\n\t\t<\/div>\n\t\t\t\t\t<\/div>\n\t\t<\/section>\n\t\t\t\t<section class=\"elementor-section elementor-top-section elementor-element elementor-element-0881550 elementor-section-boxed elementor-section-height-default elementor-section-height-default\" data-id=\"0881550\" data-element_type=\"section\" data-e-type=\"section\" data-settings=\"{&quot;background_background&quot;:&quot;classic&quot;,&quot;jet_parallax_layout_list&quot;:[]}\">\n\t\t\t\t\t\t<div class=\"elementor-container elementor-column-gap-default\">\n\t\t\t\t\t<div class=\"elementor-column elementor-col-100 elementor-top-column elementor-element elementor-element-0f76beb\" data-id=\"0f76beb\" data-element_type=\"column\" data-e-type=\"column\">\n\t\t\t<div class=\"elementor-widget-wrap elementor-element-populated\">\n\t\t\t\t\t\t<div class=\"elementor-element elementor-element-76bb9ce elementor-widget elementor-widget-heading\" data-id=\"76bb9ce\" data-element_type=\"widget\" data-e-type=\"widget\" data-widget_type=\"heading.default\">\n\t\t\t\t<div class=\"elementor-widget-container\">\n\t\t\t\t\t<h2 class=\"elementor-heading-title elementor-size-default\">VisualFrameLight - L\u00f6sungen f\u00fcr die Textilkommunikation\n<\/h2>\t\t\t\t<\/div>\n\t\t\t\t<\/div>\n\t\t\t\t<div class=\"elementor-element elementor-element-89db5fe elementor-widget__width-initial elementor-position-top elementor-widget elementor-widget-image-box\" data-id=\"89db5fe\" data-element_type=\"widget\" data-e-type=\"widget\" data-widget_type=\"image-box.default\">\n\t\t\t\t<div class=\"elementor-widget-container\">\n\t\t\t\t\t<div class=\"elementor-image-box-wrapper\"><figure class=\"elementor-image-box-img\"><a href=\"https:\/\/23e3d605-170e-4fe8-85d0-c230d7e28798.filesusr.com\/ugd\/02e47f_43039150d95e45b0825e73cce2553439.pdf\" target=\"_blank\" tabindex=\"-1\"><img loading=\"lazy\" decoding=\"async\" width=\"244\" height=\"244\" src=\"https:\/\/dedonatis-partners.ch\/wp-content\/uploads\/2021\/09\/Cat_visualframelight_FR_icone.webp\" class=\"attachment-full size-full wp-image-713\" alt=\"\" srcset=\"https:\/\/dedonatis-partners.ch\/wp-content\/uploads\/2021\/09\/Cat_visualframelight_FR_icone.webp 244w, https:\/\/dedonatis-partners.ch\/wp-content\/uploads\/2021\/09\/Cat_visualframelight_FR_icone-150x150.webp 150w, https:\/\/dedonatis-partners.ch\/wp-content\/uploads\/2021\/09\/Cat_visualframelight_FR_icone-100x100.webp 100w\" sizes=\"(max-width: 244px) 100vw, 244px\" \/><\/a><\/figure><div class=\"elementor-image-box-content\"><h3 class=\"elementor-image-box-title\"><a href=\"https:\/\/23e3d605-170e-4fe8-85d0-c230d7e28798.filesusr.com\/ugd\/02e47f_43039150d95e45b0825e73cce2553439.pdf\" target=\"_blank\">Franz\u00f6sisch<\/a><\/h3><\/div><\/div>\t\t\t\t<\/div>\n\t\t\t\t<\/div>\n\t\t\t\t\t<\/div>\n\t\t<\/div>\n\t\t\t\t\t<\/div>\n\t\t<\/section>\n\t\t\t\t<\/div>\n\t\t","protected":false},"excerpt":{"rendered":"<p>Download Firmenbrosch\u00fcre \/ Plaquette d&#8217;entreprise Deutsch Franz\u00f6sisch Artikel \/ Articles Digital vs. Print Artikel Cominmag (Deutsch) Perfektes Schwarz beim Drucken Artikel Cominmag (Deutsch) 8 Fragen an &#8230; Nicole De Donatis Artikel Swiss Marketing Magazine (Deutsch) Textil-Kataloge \/ Textilkataloge J.Harvest &amp; Frost Klicke Drucker J. Harvest Sportswear Projob VisualFrameLight &#8211; L\u00f6sungen f\u00fcr die Textilkommunikation Franz\u00f6sisch<\/p>\n","protected":false},"author":1,"featured_media":0,"parent":0,"menu_order":0,"comment_status":"closed","ping_status":"closed","template":"","meta":{"_acf_changed":false,"_uag_custom_page_level_css":"","_jet_sm_ready_style":"","_jet_sm_style":"","_jet_sm_controls_values":"","_jet_sm_fonts_collection":"","_jet_sm_fonts_links":"","footnotes":""},"categories":[],"class_list":["post-9609","page","type-page","status-publish"],"acf":[],"uagb_featured_image_src":{"full":false,"thumbnail":false,"medium":false,"medium_large":false,"large":false,"1536x1536":false,"2048x2048":false,"woocommerce_thumbnail":false,"woocommerce_single":false,"woocommerce_gallery_thumbnail":false},"uagb_author_info":{"display_name":"Marcel","author_link":"https:\/\/dedonatis-partners.ch\/de\/author\/marcel-heinigergmail-com\/"},"uagb_comment_info":0,"uagb_excerpt":"Download Firmenbrosch\u00fcre \/ Plaquette d&#8217;entreprise Deutsch Franz\u00f6sisch Artikel \/ Articles Digital vs. Print Artikel Cominmag (Deutsch) Perfektes Schwarz beim Drucken Artikel Cominmag (Deutsch) 8 Fragen an &#8230; Nicole De Donatis Artikel Swiss Marketing Magazine (Deutsch) Textil-Kataloge \/ Textilkataloge J.Harvest &amp; Frost Klicke Drucker J. Harvest Sportswear Projob VisualFrameLight &#8211; L\u00f6sungen f\u00fcr die Textilkommunikation Franz\u00f6sisch","jetpack_sharing_enabled":true,"_links":{"self":[{"href":"https:\/\/dedonatis-partners.ch\/de\/wp-json\/wp\/v2\/pages\/9609","targetHints":{"allow":["GET"]}}],"collection":[{"href":"https:\/\/dedonatis-partners.ch\/de\/wp-json\/wp\/v2\/pages"}],"about":[{"href":"https:\/\/dedonatis-partners.ch\/de\/wp-json\/wp\/v2\/types\/page"}],"author":[{"embeddable":true,"href":"https:\/\/dedonatis-partners.ch\/de\/wp-json\/wp\/v2\/users\/1"}],"replies":[{"embeddable":true,"href":"https:\/\/dedonatis-partners.ch\/de\/wp-json\/wp\/v2\/comments?post=9609"}],"version-history":[{"count":1,"href":"https:\/\/dedonatis-partners.ch\/de\/wp-json\/wp\/v2\/pages\/9609\/revisions"}],"predecessor-version":[{"id":9618,"href":"https:\/\/dedonatis-partners.ch\/de\/wp-json\/wp\/v2\/pages\/9609\/revisions\/9618"}],"wp:attachment":[{"href":"https:\/\/dedonatis-partners.ch\/de\/wp-json\/wp\/v2\/media?parent=9609"}],"wp:term":[{"taxonomy":"category","embeddable":true,"href":"https:\/\/dedonatis-partners.ch\/de\/wp-json\/wp\/v2\/categories?post=9609"}],"curies":[{"name":"wp","href":"https:\/\/api.w.org\/{rel}","templated":true}]}}