{"id":12149,"date":"2022-09-02T11:51:01","date_gmt":"2022-09-02T11:51:01","guid":{"rendered":"https:\/\/dedonatis-partners.ch\/shop\/unkategorisiert\/wandkalender-hochformat\/"},"modified":"2022-10-17T21:00:52","modified_gmt":"2022-10-17T21:00:52","slug":"portratkalender","status":"publish","type":"product","link":"https:\/\/dedonatis-partners.ch\/de\/shop\/kalender-2023\/portratkalender\/","title":{"rendered":"Kalender mit firmenlogo &#8211; Hochformat"},"content":{"rendered":"<section class=\"elementor-section elementor-top-section elementor-element elementor-element-223d689f elementor-section-boxed elementor-section-height-default elementor-section-height-default\" data-id=\"223d689f\" data-element_type=\"section\" data-settings=\"{\">\n<div class=\"elementor-container elementor-column-gap-wide\">\n<div class=\"elementor-row\">\n<div class=\"elementor-column elementor-col-50 elementor-top-column elementor-element elementor-element-7b771ce2\" data-id=\"7b771ce2\" data-element_type=\"column\">\n<div class=\"elementor-column-wrap elementor-element-populated\">\n<div class=\"elementor-widget-wrap\">\n<div class=\"dce-fix-background-loop elementor-element elementor-element-e7b1879 elementor-widget elementor-widget-dce-acf-repeater-v2\" data-id=\"e7b1879\" data-element_type=\"widget\" data-settings=\"{\" data-widget_type=\"dce-acf-repeater-v2.default\">\n<div class=\"elementor-widget-container\">\n<div class=\"dce-acf-repeater\">\n<div class=\"dce-acf-repeater-grid\">\n<div class=\"elementor-container elementor-column-gap-default\">\n<div class=\"elementor-row\">\n<div class=\"elementor-column elementor-col-100 elementor-top-column elementor-element elementor-element-36e7dca\" data-id=\"36e7dca\" data-element_type=\"column\">\n<div class=\"elementor-column-wrap elementor-element-populated\">\n<div class=\"elementor-widget-wrap\">\n<div class=\"elementor-element elementor-element-b7c5740 elementor-widget elementor-widget-woocommerce-product-content\" data-id=\"b7c5740\" data-element_type=\"widget\" data-widget_type=\"woocommerce-product-content.default\">\n<div class=\"elementor-widget-container\">\n<p>Eine gute Organisation ist wichtig, kein Problem mit <strong>Wandkalendern<\/strong> mit Spiralbindung. Sie werden Sie auch im kommenden Jahr nicht vergessen. Individuell gestaltbar mit Ihren Fotos, Ihrem Logo und Ihren Informationen.<\/p>\n<p><strong>Sie k\u00f6nnen uns Ihr Layout schicken oder wir k\u00f6nnen Ihnen gerne Vorschl\u00e4ge f\u00fcr den Kalenderteil machen. <a href=\"mailto:office@dedonatis-partners.ch\">Z\u00f6gern Sie nicht, uns zu fragen<\/a><\/strong><\/p>\n<\/div>\n<\/div>\n<\/div>\n<\/div>\n<\/div>\n<\/div>\n<\/div>\n<\/div>\n<\/div>\n<\/div>\n<\/div>\n<\/div>\n<\/div>\n<\/div>\n<\/div>\n<\/div>\n<\/section>\n","protected":false},"excerpt":{"rendered":"<p>Eine gute Organisation ist wichtig, kein Problem mit Wandkalendern mit Spiralbindung. Sie werden Sie auch im kommenden Jahr nicht vergessen. Individuell gestaltbar mit Ihren Fotos, Ihrem Logo und Ihren Informationen. Sie k\u00f6nnen uns Ihr Layout schicken oder wir k\u00f6nnen Ihnen gerne Vorschl\u00e4ge f\u00fcr den Kalenderteil machen. Z\u00f6gern Sie nicht, uns zu fragen<\/p>\n","protected":false},"featured_media":9476,"comment_status":"open","ping_status":"closed","template":"","meta":{"_acf_changed":false,"_uag_custom_page_level_css":"","_jet_sm_ready_style":"","_jet_sm_style":"","_jet_sm_controls_values":"","_jet_sm_fonts_collection":"","_jet_sm_fonts_links":""},"product_brand":[],"product_cat":[343],"product_tag":[],"class_list":{"0":"post-12149","1":"product","2":"type-product","3":"status-publish","4":"has-post-thumbnail","6":"product_cat-kalender-2023","7":"sales-flash-overlay","8":"woocommerce-text-align-center","9":"woocommerce-image-align-center","10":"do-quantity-buttons","12":"first","13":"instock","14":"taxable","15":"shipping-taxable","16":"purchasable","17":"product-type-variable","18":"has-default-attributes"},"acf":[],"uagb_featured_image_src":{"full":["https:\/\/dedonatis-partners.ch\/wp-content\/uploads\/2022\/09\/calendriers-2-3.jpg",1080,1080,false],"thumbnail":["https:\/\/dedonatis-partners.ch\/wp-content\/uploads\/2022\/09\/calendriers-2-3-150x150.jpg",150,150,true],"medium":["https:\/\/dedonatis-partners.ch\/wp-content\/uploads\/2022\/09\/calendriers-2-3-300x300.jpg",300,300,true],"medium_large":["https:\/\/dedonatis-partners.ch\/wp-content\/uploads\/2022\/09\/calendriers-2-3-768x768.jpg",768,768,true],"large":["https:\/\/dedonatis-partners.ch\/wp-content\/uploads\/2022\/09\/calendriers-2-3-1024x1024.jpg",1024,1024,true],"1536x1536":["https:\/\/dedonatis-partners.ch\/wp-content\/uploads\/2022\/09\/calendriers-2-3.jpg",1080,1080,false],"2048x2048":["https:\/\/dedonatis-partners.ch\/wp-content\/uploads\/2022\/09\/calendriers-2-3.jpg",1080,1080,false],"woocommerce_thumbnail":["https:\/\/dedonatis-partners.ch\/wp-content\/uploads\/2022\/09\/calendriers-2-3-300x300.jpg",300,300,true],"woocommerce_single":["https:\/\/dedonatis-partners.ch\/wp-content\/uploads\/2022\/09\/calendriers-2-3-600x600.jpg",600,600,true],"woocommerce_gallery_thumbnail":["https:\/\/dedonatis-partners.ch\/wp-content\/uploads\/2022\/09\/calendriers-2-3-100x100.jpg",100,100,true]},"uagb_author_info":{"display_name":"Marcel","author_link":"https:\/\/dedonatis-partners.ch\/de\/author\/"},"uagb_comment_info":0,"uagb_excerpt":"Eine gute Organisation ist wichtig, kein Problem mit Wandkalendern mit Spiralbindung. Sie werden Sie auch im kommenden Jahr nicht vergessen. Individuell gestaltbar mit Ihren Fotos, Ihrem Logo und Ihren Informationen. Sie k\u00f6nnen uns Ihr Layout schicken oder wir k\u00f6nnen Ihnen gerne Vorschl\u00e4ge f\u00fcr den Kalenderteil machen. Z\u00f6gern Sie nicht, uns zu fragen","jetpack_sharing_enabled":true,"_links":{"self":[{"href":"https:\/\/dedonatis-partners.ch\/de\/wp-json\/wp\/v2\/product\/12149","targetHints":{"allow":["GET"]}}],"collection":[{"href":"https:\/\/dedonatis-partners.ch\/de\/wp-json\/wp\/v2\/product"}],"about":[{"href":"https:\/\/dedonatis-partners.ch\/de\/wp-json\/wp\/v2\/types\/product"}],"replies":[{"embeddable":true,"href":"https:\/\/dedonatis-partners.ch\/de\/wp-json\/wp\/v2\/comments?post=12149"}],"version-history":[{"count":1,"href":"https:\/\/dedonatis-partners.ch\/de\/wp-json\/wp\/v2\/product\/12149\/revisions"}],"predecessor-version":[{"id":15394,"href":"https:\/\/dedonatis-partners.ch\/de\/wp-json\/wp\/v2\/product\/12149\/revisions\/15394"}],"wp:featuredmedia":[{"embeddable":true,"href":"https:\/\/dedonatis-partners.ch\/de\/wp-json\/wp\/v2\/media\/9476"}],"wp:attachment":[{"href":"https:\/\/dedonatis-partners.ch\/de\/wp-json\/wp\/v2\/media?parent=12149"}],"wp:term":[{"taxonomy":"product_brand","embeddable":true,"href":"https:\/\/dedonatis-partners.ch\/de\/wp-json\/wp\/v2\/product_brand?post=12149"},{"taxonomy":"product_cat","embeddable":true,"href":"https:\/\/dedonatis-partners.ch\/de\/wp-json\/wp\/v2\/product_cat?post=12149"},{"taxonomy":"product_tag","embeddable":true,"href":"https:\/\/dedonatis-partners.ch\/de\/wp-json\/wp\/v2\/product_tag?post=12149"}],"curies":[{"name":"wp","href":"https:\/\/api.w.org\/{rel}","templated":true}]}}