{"id":12229,"date":"2022-02-03T15:24:05","date_gmt":"2022-02-03T15:24:05","guid":{"rendered":"https:\/\/dedonatis-partners.ch\/shop\/unkategorisiert\/poster-im-din-format\/"},"modified":"2022-02-03T15:24:05","modified_gmt":"2022-02-03T15:24:05","slug":"poster","status":"publish","type":"product","link":"https:\/\/dedonatis-partners.ch\/de\/shop\/plakate\/poster\/","title":{"rendered":"Poster im DIN-Format"},"content":{"rendered":"<p>Im digitalen Zeitalter ist das Plakat immer noch ein wirksames Kommunikationsmittel auf der Stra\u00dfe, in Lokalen und Gesch\u00e4ften, wo sich die Menschen t\u00e4glich aufhalten und unweigerlich auf Ihre Plakatkampagne aufmerksam werden.<\/p>\n<ul>\n<li>verschiedene Formate m\u00f6glich<\/li>\n<li>unterschiedliche Papierauswahl<\/li>\n<li>Digital- oder Offsetdruck je nach Menge<\/li>\n<\/ul>\n","protected":false},"excerpt":{"rendered":"<p>Im digitalen Zeitalter ist das Plakat immer noch ein wirksames Kommunikationsmittel auf der Stra\u00dfe, in Lokalen und Gesch\u00e4ften, wo sich die Menschen t\u00e4glich aufhalten und unweigerlich auf Ihre Plakatkampagne aufmerksam werden. verschiedene Formate m\u00f6glich unterschiedliche Papierauswahl Digital- oder Offsetdruck je nach Menge<\/p>\n","protected":false},"featured_media":9442,"comment_status":"closed","ping_status":"closed","template":"","meta":{"_acf_changed":false,"_uag_custom_page_level_css":"","_jet_sm_ready_style":"","_jet_sm_style":"","_jet_sm_controls_values":"","_jet_sm_fonts_collection":"","_jet_sm_fonts_links":""},"product_brand":[],"product_cat":[301,312],"product_tag":[],"class_list":{"0":"post-12229","1":"product","2":"type-product","3":"status-publish","4":"has-post-thumbnail","6":"product_cat-plakate","7":"product_cat-veranstaltungen","8":"sales-flash-overlay","9":"woocommerce-text-align-center","10":"woocommerce-image-align-center","11":"do-quantity-buttons","13":"first","14":"instock","15":"taxable","16":"shipping-taxable","17":"purchasable","18":"product-type-variable","19":"has-default-attributes"},"acf":[],"uagb_featured_image_src":{"full":["https:\/\/dedonatis-partners.ch\/wp-content\/uploads\/2022\/02\/plakat.jpg",1080,1080,false],"thumbnail":["https:\/\/dedonatis-partners.ch\/wp-content\/uploads\/2022\/02\/plakat-150x150.jpg",150,150,true],"medium":["https:\/\/dedonatis-partners.ch\/wp-content\/uploads\/2022\/02\/plakat-300x300.jpg",300,300,true],"medium_large":["https:\/\/dedonatis-partners.ch\/wp-content\/uploads\/2022\/02\/plakat-768x768.jpg",768,768,true],"large":["https:\/\/dedonatis-partners.ch\/wp-content\/uploads\/2022\/02\/plakat-1024x1024.jpg",1024,1024,true],"1536x1536":["https:\/\/dedonatis-partners.ch\/wp-content\/uploads\/2022\/02\/plakat.jpg",1080,1080,false],"2048x2048":["https:\/\/dedonatis-partners.ch\/wp-content\/uploads\/2022\/02\/plakat.jpg",1080,1080,false],"woocommerce_thumbnail":["https:\/\/dedonatis-partners.ch\/wp-content\/uploads\/2022\/02\/plakat-300x300.jpg",300,300,true],"woocommerce_single":["https:\/\/dedonatis-partners.ch\/wp-content\/uploads\/2022\/02\/plakat-600x600.jpg",600,600,true],"woocommerce_gallery_thumbnail":["https:\/\/dedonatis-partners.ch\/wp-content\/uploads\/2022\/02\/plakat-100x100.jpg",100,100,true]},"uagb_author_info":{"display_name":"Marcel","author_link":"https:\/\/dedonatis-partners.ch\/de\/author\/"},"uagb_comment_info":0,"uagb_excerpt":"Im digitalen Zeitalter ist das Plakat immer noch ein wirksames Kommunikationsmittel auf der Stra\u00dfe, in Lokalen und Gesch\u00e4ften, wo sich die Menschen t\u00e4glich aufhalten und unweigerlich auf Ihre Plakatkampagne aufmerksam werden. verschiedene Formate m\u00f6glich unterschiedliche Papierauswahl Digital- oder Offsetdruck je nach Menge","jetpack_sharing_enabled":true,"_links":{"self":[{"href":"https:\/\/dedonatis-partners.ch\/de\/wp-json\/wp\/v2\/product\/12229","targetHints":{"allow":["GET"]}}],"collection":[{"href":"https:\/\/dedonatis-partners.ch\/de\/wp-json\/wp\/v2\/product"}],"about":[{"href":"https:\/\/dedonatis-partners.ch\/de\/wp-json\/wp\/v2\/types\/product"}],"replies":[{"embeddable":true,"href":"https:\/\/dedonatis-partners.ch\/de\/wp-json\/wp\/v2\/comments?post=12229"}],"version-history":[{"count":0,"href":"https:\/\/dedonatis-partners.ch\/de\/wp-json\/wp\/v2\/product\/12229\/revisions"}],"wp:featuredmedia":[{"embeddable":true,"href":"https:\/\/dedonatis-partners.ch\/de\/wp-json\/wp\/v2\/media\/9442"}],"wp:attachment":[{"href":"https:\/\/dedonatis-partners.ch\/de\/wp-json\/wp\/v2\/media?parent=12229"}],"wp:term":[{"taxonomy":"product_brand","embeddable":true,"href":"https:\/\/dedonatis-partners.ch\/de\/wp-json\/wp\/v2\/product_brand?post=12229"},{"taxonomy":"product_cat","embeddable":true,"href":"https:\/\/dedonatis-partners.ch\/de\/wp-json\/wp\/v2\/product_cat?post=12229"},{"taxonomy":"product_tag","embeddable":true,"href":"https:\/\/dedonatis-partners.ch\/de\/wp-json\/wp\/v2\/product_tag?post=12229"}],"curies":[{"name":"wp","href":"https:\/\/api.w.org\/{rel}","templated":true}]}}