{"id":12308,"date":"2022-02-03T16:23:47","date_gmt":"2022-02-03T16:23:47","guid":{"rendered":"https:\/\/dedonatis-partners.ch\/shop\/unkategorisiert\/tischset\/"},"modified":"2022-02-03T16:23:47","modified_gmt":"2022-02-03T16:23:47","slug":"set-de-table-2","status":"publish","type":"product","link":"https:\/\/dedonatis-partners.ch\/de\/shop\/gastronomie\/set-de-table-2\/","title":{"rendered":"Tischset"},"content":{"rendered":"<p>Das <strong>Werbe-Tischset<\/strong> ist ein unverzichtbares Kommunikationsmittel f\u00fcr Gastronomen. Es kann n\u00e4mlich verschiedene Zwecke erf\u00fcllen und sowohl zur Information des Kunden, indem es z. B. sein Men\u00fc vorstellt, als auch zur \u00dcbermittlung von Werbebotschaften lokaler Unternehmen verwendet werden. Das Tischset ist daher ein wichtiger Verb\u00fcndeter f\u00fcr Gastronomen.<\/p>\n","protected":false},"excerpt":{"rendered":"<p>Das Werbe-Tischset ist ein unverzichtbares Kommunikationsmittel f\u00fcr Gastronomen. Es kann n\u00e4mlich verschiedene Zwecke erf\u00fcllen und sowohl zur Information des Kunden, indem es z. B. sein Men\u00fc vorstellt, als auch zur \u00dcbermittlung von Werbebotschaften lokaler Unternehmen verwendet werden. Das Tischset ist daher ein wichtiger Verb\u00fcndeter f\u00fcr Gastronomen.<\/p>\n","protected":false},"featured_media":9351,"comment_status":"closed","ping_status":"closed","template":"","meta":{"_acf_changed":false,"_uag_custom_page_level_css":"","_jet_sm_ready_style":"","_jet_sm_style":"","_jet_sm_controls_values":"","_jet_sm_fonts_collection":"","_jet_sm_fonts_links":""},"product_brand":[],"product_cat":[351,312],"product_tag":[],"class_list":{"0":"post-12308","1":"product","2":"type-product","3":"status-publish","4":"has-post-thumbnail","6":"product_cat-gastronomie","7":"product_cat-veranstaltungen","8":"sales-flash-overlay","9":"woocommerce-text-align-center","10":"woocommerce-image-align-center","11":"do-quantity-buttons","13":"first","14":"instock","15":"taxable","16":"shipping-taxable","17":"purchasable","18":"product-type-variable","19":"has-default-attributes"},"acf":[],"uagb_featured_image_src":{"full":["https:\/\/dedonatis-partners.ch\/wp-content\/uploads\/2022\/05\/tovaglietta2-3.jpg",1080,1080,false],"thumbnail":["https:\/\/dedonatis-partners.ch\/wp-content\/uploads\/2022\/05\/tovaglietta2-3-150x150.jpg",150,150,true],"medium":["https:\/\/dedonatis-partners.ch\/wp-content\/uploads\/2022\/05\/tovaglietta2-3-300x300.jpg",300,300,true],"medium_large":["https:\/\/dedonatis-partners.ch\/wp-content\/uploads\/2022\/05\/tovaglietta2-3-768x768.jpg",768,768,true],"large":["https:\/\/dedonatis-partners.ch\/wp-content\/uploads\/2022\/05\/tovaglietta2-3-1024x1024.jpg",1024,1024,true],"1536x1536":["https:\/\/dedonatis-partners.ch\/wp-content\/uploads\/2022\/05\/tovaglietta2-3.jpg",1080,1080,false],"2048x2048":["https:\/\/dedonatis-partners.ch\/wp-content\/uploads\/2022\/05\/tovaglietta2-3.jpg",1080,1080,false],"woocommerce_thumbnail":["https:\/\/dedonatis-partners.ch\/wp-content\/uploads\/2022\/05\/tovaglietta2-3-300x300.jpg",300,300,true],"woocommerce_single":["https:\/\/dedonatis-partners.ch\/wp-content\/uploads\/2022\/05\/tovaglietta2-3-600x600.jpg",600,600,true],"woocommerce_gallery_thumbnail":["https:\/\/dedonatis-partners.ch\/wp-content\/uploads\/2022\/05\/tovaglietta2-3-100x100.jpg",100,100,true]},"uagb_author_info":{"display_name":"Marcel","author_link":"https:\/\/dedonatis-partners.ch\/de\/author\/"},"uagb_comment_info":0,"uagb_excerpt":"Das Werbe-Tischset ist ein unverzichtbares Kommunikationsmittel f\u00fcr Gastronomen. Es kann n\u00e4mlich verschiedene Zwecke erf\u00fcllen und sowohl zur Information des Kunden, indem es z. B. sein Men\u00fc vorstellt, als auch zur \u00dcbermittlung von Werbebotschaften lokaler Unternehmen verwendet werden. Das Tischset ist daher ein wichtiger Verb\u00fcndeter f\u00fcr Gastronomen.","jetpack_sharing_enabled":true,"_links":{"self":[{"href":"https:\/\/dedonatis-partners.ch\/de\/wp-json\/wp\/v2\/product\/12308","targetHints":{"allow":["GET"]}}],"collection":[{"href":"https:\/\/dedonatis-partners.ch\/de\/wp-json\/wp\/v2\/product"}],"about":[{"href":"https:\/\/dedonatis-partners.ch\/de\/wp-json\/wp\/v2\/types\/product"}],"replies":[{"embeddable":true,"href":"https:\/\/dedonatis-partners.ch\/de\/wp-json\/wp\/v2\/comments?post=12308"}],"version-history":[{"count":0,"href":"https:\/\/dedonatis-partners.ch\/de\/wp-json\/wp\/v2\/product\/12308\/revisions"}],"wp:featuredmedia":[{"embeddable":true,"href":"https:\/\/dedonatis-partners.ch\/de\/wp-json\/wp\/v2\/media\/9351"}],"wp:attachment":[{"href":"https:\/\/dedonatis-partners.ch\/de\/wp-json\/wp\/v2\/media?parent=12308"}],"wp:term":[{"taxonomy":"product_brand","embeddable":true,"href":"https:\/\/dedonatis-partners.ch\/de\/wp-json\/wp\/v2\/product_brand?post=12308"},{"taxonomy":"product_cat","embeddable":true,"href":"https:\/\/dedonatis-partners.ch\/de\/wp-json\/wp\/v2\/product_cat?post=12308"},{"taxonomy":"product_tag","embeddable":true,"href":"https:\/\/dedonatis-partners.ch\/de\/wp-json\/wp\/v2\/product_tag?post=12308"}],"curies":[{"name":"wp","href":"https:\/\/api.w.org\/{rel}","templated":true}]}}