{"id":12321,"date":"2022-02-01T18:04:51","date_gmt":"2022-02-01T18:04:51","guid":{"rendered":"https:\/\/dedonatis-partners.ch\/shop\/unkategorisiert\/umschlaege\/"},"modified":"2022-02-01T18:04:51","modified_gmt":"2022-02-01T18:04:51","slug":"umschlage","status":"publish","type":"product","link":"https:\/\/dedonatis-partners.ch\/de\/shop\/bu%cc%88ro-drucksachen\/umschlage\/","title":{"rendered":"Umschl\u00e4ge"},"content":{"rendered":"<p>Grunds\u00e4tzlich sind unsere Umschl\u00e4ge alle mit selbstklebenden Streifen versehen und auf der Vorderseite bedruckt. Auf <a href=\"mailto:office@dedonatis-partners.ch\"><strong>Antrag<\/strong> <\/a>k\u00f6nnen wir auch auf die hintere Lasche drucken.<\/p>\n<p>Das Papier der Umschl\u00e4ge ist in der Regel 90gm2 Offsetpapier.<\/p>\n<p>M\u00f6chten Sie eine <strong>Postwurfsendung<\/strong> machen und jeden Umschlag mit der Adresse des Empf\u00e4ngers oder einer Werbebotschaft personalisieren? <strong><br \/>\n  <a href=\"mailto:office@dedonatis-partners.ch\">Das ist kein Problem!<\/a><br \/>\n<\/strong><\/p>\n","protected":false},"excerpt":{"rendered":"<p>Es ist immer n\u00fctzlich, Umschl\u00e4ge zur Hand zu haben, und noch besser ist es, wenn sie mit Ihrem Logo bedruckt sind.<\/p>\n<p>Mit oder ohne Fenster.<\/p>\n<p>Dank des Digitaldrucks k\u00f6nnen Sie bereits ab <strong>100 Umschl\u00e4gen<\/strong> bestellen.<\/p>\n","protected":false},"featured_media":9355,"comment_status":"closed","ping_status":"closed","template":"","meta":{"_acf_changed":false,"_uag_custom_page_level_css":"","_jet_sm_ready_style":"","_jet_sm_style":"","_jet_sm_controls_values":"","_jet_sm_fonts_collection":"","_jet_sm_fonts_links":""},"product_brand":[],"product_cat":[342],"product_tag":[],"class_list":{"0":"post-12321","1":"product","2":"type-product","3":"status-publish","4":"has-post-thumbnail","6":"product_cat-buro-drucksachen","7":"sales-flash-overlay","8":"woocommerce-text-align-center","9":"woocommerce-image-align-center","10":"do-quantity-buttons","12":"first","13":"instock","14":"taxable","15":"shipping-taxable","16":"purchasable","17":"product-type-variable","18":"has-default-attributes"},"acf":[],"uagb_featured_image_src":{"full":["https:\/\/dedonatis-partners.ch\/wp-content\/uploads\/2022\/05\/busta-intestata3-3.jpg",1080,1080,false],"thumbnail":["https:\/\/dedonatis-partners.ch\/wp-content\/uploads\/2022\/05\/busta-intestata3-3-150x150.jpg",150,150,true],"medium":["https:\/\/dedonatis-partners.ch\/wp-content\/uploads\/2022\/05\/busta-intestata3-3-300x300.jpg",300,300,true],"medium_large":["https:\/\/dedonatis-partners.ch\/wp-content\/uploads\/2022\/05\/busta-intestata3-3-768x768.jpg",768,768,true],"large":["https:\/\/dedonatis-partners.ch\/wp-content\/uploads\/2022\/05\/busta-intestata3-3-1024x1024.jpg",1024,1024,true],"1536x1536":["https:\/\/dedonatis-partners.ch\/wp-content\/uploads\/2022\/05\/busta-intestata3-3.jpg",1080,1080,false],"2048x2048":["https:\/\/dedonatis-partners.ch\/wp-content\/uploads\/2022\/05\/busta-intestata3-3.jpg",1080,1080,false],"woocommerce_thumbnail":["https:\/\/dedonatis-partners.ch\/wp-content\/uploads\/2022\/05\/busta-intestata3-3-300x300.jpg",300,300,true],"woocommerce_single":["https:\/\/dedonatis-partners.ch\/wp-content\/uploads\/2022\/05\/busta-intestata3-3-600x600.jpg",600,600,true],"woocommerce_gallery_thumbnail":["https:\/\/dedonatis-partners.ch\/wp-content\/uploads\/2022\/05\/busta-intestata3-3-100x100.jpg",100,100,true]},"uagb_author_info":{"display_name":"Marcel","author_link":"https:\/\/dedonatis-partners.ch\/de\/author\/"},"uagb_comment_info":0,"uagb_excerpt":"Es ist immer n\u00fctzlich, Umschl\u00e4ge zur Hand zu haben, und noch besser ist es, wenn sie mit Ihrem Logo bedruckt sind. Mit oder ohne Fenster. Dank des Digitaldrucks k\u00f6nnen Sie bereits ab 100 Umschl\u00e4gen bestellen.","jetpack_sharing_enabled":true,"_links":{"self":[{"href":"https:\/\/dedonatis-partners.ch\/de\/wp-json\/wp\/v2\/product\/12321","targetHints":{"allow":["GET"]}}],"collection":[{"href":"https:\/\/dedonatis-partners.ch\/de\/wp-json\/wp\/v2\/product"}],"about":[{"href":"https:\/\/dedonatis-partners.ch\/de\/wp-json\/wp\/v2\/types\/product"}],"replies":[{"embeddable":true,"href":"https:\/\/dedonatis-partners.ch\/de\/wp-json\/wp\/v2\/comments?post=12321"}],"version-history":[{"count":0,"href":"https:\/\/dedonatis-partners.ch\/de\/wp-json\/wp\/v2\/product\/12321\/revisions"}],"wp:featuredmedia":[{"embeddable":true,"href":"https:\/\/dedonatis-partners.ch\/de\/wp-json\/wp\/v2\/media\/9355"}],"wp:attachment":[{"href":"https:\/\/dedonatis-partners.ch\/de\/wp-json\/wp\/v2\/media?parent=12321"}],"wp:term":[{"taxonomy":"product_brand","embeddable":true,"href":"https:\/\/dedonatis-partners.ch\/de\/wp-json\/wp\/v2\/product_brand?post=12321"},{"taxonomy":"product_cat","embeddable":true,"href":"https:\/\/dedonatis-partners.ch\/de\/wp-json\/wp\/v2\/product_cat?post=12321"},{"taxonomy":"product_tag","embeddable":true,"href":"https:\/\/dedonatis-partners.ch\/de\/wp-json\/wp\/v2\/product_tag?post=12321"}],"curies":[{"name":"wp","href":"https:\/\/api.w.org\/{rel}","templated":true}]}}