{"id":12353,"date":"2022-02-03T17:11:48","date_gmt":"2022-02-03T17:11:48","guid":{"rendered":"https:\/\/dedonatis-partners.ch\/shop\/unkategorisiert\/forex-platten-standardformate\/"},"modified":"2022-02-03T17:11:48","modified_gmt":"2022-02-03T17:11:48","slug":"forex-2","status":"publish","type":"product","link":"https:\/\/dedonatis-partners.ch\/de\/shop\/plattendruck\/forex-2\/","title":{"rendered":"Forex\u00ae-Platten &#8211; Standardformate"},"content":{"rendered":"<h4><strong>Der Direktdruck auf Forex-Platten (gesch\u00e4umtes PVC) bietet unendliche M\u00f6glichkeiten, um Kunden anzuziehen.<\/strong><\/h4>\n<p>Der Direktdruck auf Forex wird sowohl f\u00fcr die Innendekoration als auch f\u00fcr den Einsatz im Freien verwendet. Forex (gesch\u00e4umtes PVC), ist auf der einen Seite leicht und auf der anderen Seite ziemlich stark. Diese Eigenschaften dienen als Grundprinzipien f\u00fcr die Herstellung von Strukturen wie kleinen Schildern, gro\u00dfen Schildern, Informationstafeln, allen Arten von Beschilderungen, Displays und f\u00fcr viele andere Produkte.<\/p>\n<p>Online bieten wir die g\u00e4ngigsten Formate und St\u00e4rken an: 3, 5 und 10 mm. F\u00fcr andere St\u00e4rken 15 oder 19 mm <a href=\"mailto:office@dedonatis-parters.ch\">kontaktieren Sie uns bitte<\/a>. F\u00fcr benutzerdefinierte Formate w\u00e4hlen Sie bitte das Produkt <strong>forex benutzerdefinierte formate<\/strong>.<\/p>\n","protected":false},"excerpt":{"rendered":"<p>Der Direktdruck auf Forex-Platten (gesch\u00e4umtes PVC) bietet unendliche M\u00f6glichkeiten, um Kunden anzuziehen. Der Direktdruck auf Forex wird sowohl f\u00fcr die Innendekoration als auch f\u00fcr den Einsatz im Freien verwendet. Forex (gesch\u00e4umtes PVC), ist auf der einen Seite leicht und auf der anderen Seite ziemlich stark. Diese Eigenschaften dienen als Grundprinzipien f\u00fcr die Herstellung von Strukturen &#8230; <a title=\"Forex\u00ae-Platten &#8211; Standardformate\" class=\"read-more\" href=\"https:\/\/dedonatis-partners.ch\/de\/shop\/plattendruck\/forex-2\/\" aria-label=\"Mehr Informationen \u00fcber Forex\u00ae-Platten &#8211; Standardformate\">Weiterlesen &#8230;<\/a><\/p>\n","protected":false},"featured_media":9297,"comment_status":"closed","ping_status":"closed","template":"","meta":{"_acf_changed":false,"_uag_custom_page_level_css":"","_jet_sm_ready_style":"","_jet_sm_style":"","_jet_sm_controls_values":"","_jet_sm_fonts_collection":"","_jet_sm_fonts_links":""},"product_brand":[],"product_cat":[353,312],"product_tag":[],"class_list":{"0":"post-12353","1":"product","2":"type-product","3":"status-publish","4":"has-post-thumbnail","6":"product_cat-plattendruck","7":"product_cat-veranstaltungen","8":"sales-flash-overlay","9":"woocommerce-text-align-center","10":"woocommerce-image-align-center","11":"do-quantity-buttons","13":"first","14":"instock","15":"taxable","16":"shipping-taxable","17":"purchasable","18":"product-type-variable","19":"has-default-attributes"},"acf":[],"uagb_featured_image_src":{"full":["https:\/\/dedonatis-partners.ch\/wp-content\/uploads\/2022\/02\/forex.jpg",1080,1080,false],"thumbnail":["https:\/\/dedonatis-partners.ch\/wp-content\/uploads\/2022\/02\/forex-150x150.jpg",150,150,true],"medium":["https:\/\/dedonatis-partners.ch\/wp-content\/uploads\/2022\/02\/forex-300x300.jpg",300,300,true],"medium_large":["https:\/\/dedonatis-partners.ch\/wp-content\/uploads\/2022\/02\/forex-768x768.jpg",768,768,true],"large":["https:\/\/dedonatis-partners.ch\/wp-content\/uploads\/2022\/02\/forex-1024x1024.jpg",1024,1024,true],"1536x1536":["https:\/\/dedonatis-partners.ch\/wp-content\/uploads\/2022\/02\/forex.jpg",1080,1080,false],"2048x2048":["https:\/\/dedonatis-partners.ch\/wp-content\/uploads\/2022\/02\/forex.jpg",1080,1080,false],"woocommerce_thumbnail":["https:\/\/dedonatis-partners.ch\/wp-content\/uploads\/2022\/02\/forex-300x300.jpg",300,300,true],"woocommerce_single":["https:\/\/dedonatis-partners.ch\/wp-content\/uploads\/2022\/02\/forex-600x600.jpg",600,600,true],"woocommerce_gallery_thumbnail":["https:\/\/dedonatis-partners.ch\/wp-content\/uploads\/2022\/02\/forex-100x100.jpg",100,100,true]},"uagb_author_info":{"display_name":"Marcel","author_link":"https:\/\/dedonatis-partners.ch\/de\/author\/"},"uagb_comment_info":0,"uagb_excerpt":"Der Direktdruck auf Forex-Platten (gesch\u00e4umtes PVC) bietet unendliche M\u00f6glichkeiten, um Kunden anzuziehen. Der Direktdruck auf Forex wird sowohl f\u00fcr die Innendekoration als auch f\u00fcr den Einsatz im Freien verwendet. Forex (gesch\u00e4umtes PVC), ist auf der einen Seite leicht und auf der anderen Seite ziemlich stark. Diese Eigenschaften dienen als Grundprinzipien f\u00fcr die Herstellung von Strukturen&hellip;","jetpack_sharing_enabled":true,"_links":{"self":[{"href":"https:\/\/dedonatis-partners.ch\/de\/wp-json\/wp\/v2\/product\/12353","targetHints":{"allow":["GET"]}}],"collection":[{"href":"https:\/\/dedonatis-partners.ch\/de\/wp-json\/wp\/v2\/product"}],"about":[{"href":"https:\/\/dedonatis-partners.ch\/de\/wp-json\/wp\/v2\/types\/product"}],"replies":[{"embeddable":true,"href":"https:\/\/dedonatis-partners.ch\/de\/wp-json\/wp\/v2\/comments?post=12353"}],"version-history":[{"count":0,"href":"https:\/\/dedonatis-partners.ch\/de\/wp-json\/wp\/v2\/product\/12353\/revisions"}],"wp:featuredmedia":[{"embeddable":true,"href":"https:\/\/dedonatis-partners.ch\/de\/wp-json\/wp\/v2\/media\/9297"}],"wp:attachment":[{"href":"https:\/\/dedonatis-partners.ch\/de\/wp-json\/wp\/v2\/media?parent=12353"}],"wp:term":[{"taxonomy":"product_brand","embeddable":true,"href":"https:\/\/dedonatis-partners.ch\/de\/wp-json\/wp\/v2\/product_brand?post=12353"},{"taxonomy":"product_cat","embeddable":true,"href":"https:\/\/dedonatis-partners.ch\/de\/wp-json\/wp\/v2\/product_cat?post=12353"},{"taxonomy":"product_tag","embeddable":true,"href":"https:\/\/dedonatis-partners.ch\/de\/wp-json\/wp\/v2\/product_tag?post=12353"}],"curies":[{"name":"wp","href":"https:\/\/api.w.org\/{rel}","templated":true}]}}