{"id":12372,"date":"2022-02-02T14:13:26","date_gmt":"2022-02-02T14:13:26","guid":{"rendered":"https:\/\/dedonatis-partners.ch\/shop\/unkategorisiert\/lanyards\/"},"modified":"2022-02-02T14:13:26","modified_gmt":"2022-02-02T14:13:26","slug":"lanyard-2","status":"publish","type":"product","link":"https:\/\/dedonatis-partners.ch\/de\/shop\/veranstaltungen\/lanyard-2\/","title":{"rendered":"Lanyards"},"content":{"rendered":"<p>Personalisierte <strong>Lanyards<\/strong> oder Umh\u00e4ngeb\u00e4nder sind ideal, um Ihre Marke sichtbar zu machen, eine Botschaft zu vermitteln, f\u00fcr eine Veranstaltung oder auch als immer gern gesehener Werbe-Give-away. Wir bieten eine Vielzahl von Materialien an: Polyestergewebe, Jacquardgewebe und verschiedene Personalisierungsm\u00f6glichkeiten: Sublimationsdruck, Siebdruck oder gewebte Stoffe. Verschiedene: Arten von Befestigungen, um Ihren Bed\u00fcrfnissen so weit wie m\u00f6glich zu entsprechen.<\/p>\n<ul>\n<li>2 Druckarten: Vollfarbe auf satiniertem Polyester, Siebdruck f\u00fcr Vollfarbe oder 1 Farbe auf gewebtem Polyester<\/li>\n<li>Optionaler Sicherheitsclip<\/li>\n<li>Gro\u00dfe Auswahl an Halsbandbefestigungen<\/li>\n<li>Individuelles Design mit Pantone\u00ae-Farbabstimmung<\/li>\n<\/ul>\n","protected":false},"excerpt":{"rendered":"<p>Personalisierte Lanyards oder Umh\u00e4ngeb\u00e4nder sind ideal, um Ihre Marke sichtbar zu machen, eine Botschaft zu vermitteln, f\u00fcr eine Veranstaltung oder auch als immer gern gesehener Werbe-Give-away. Wir bieten eine Vielzahl von Materialien an: Polyestergewebe, Jacquardgewebe und verschiedene Personalisierungsm\u00f6glichkeiten: Sublimationsdruck, Siebdruck oder gewebte Stoffe. Verschiedene: Arten von Befestigungen, um Ihren Bed\u00fcrfnissen so weit wie m\u00f6glich zu &#8230; <a title=\"Lanyards\" class=\"read-more\" href=\"https:\/\/dedonatis-partners.ch\/de\/shop\/veranstaltungen\/lanyard-2\/\" aria-label=\"Mehr Informationen \u00fcber Lanyards\">Weiterlesen &#8230;<\/a><\/p>\n","protected":false},"featured_media":9278,"comment_status":"open","ping_status":"closed","template":"","meta":{"_acf_changed":false,"_uag_custom_page_level_css":"","_jet_sm_ready_style":"","_jet_sm_style":"","_jet_sm_controls_values":"","_jet_sm_fonts_collection":"","_jet_sm_fonts_links":""},"product_brand":[],"product_cat":[312],"product_tag":[],"class_list":{"0":"post-12372","1":"product","2":"type-product","3":"status-publish","4":"has-post-thumbnail","6":"product_cat-veranstaltungen","7":"sales-flash-overlay","8":"woocommerce-text-align-center","9":"woocommerce-image-align-center","10":"do-quantity-buttons","12":"first","13":"instock","14":"taxable","15":"shipping-taxable","16":"purchasable","17":"product-type-variable","18":"has-default-attributes"},"acf":[],"uagb_featured_image_src":{"full":["https:\/\/dedonatis-partners.ch\/wp-content\/uploads\/2022\/02\/lanyard.jpg",1080,1080,false],"thumbnail":["https:\/\/dedonatis-partners.ch\/wp-content\/uploads\/2022\/02\/lanyard-150x150.jpg",150,150,true],"medium":["https:\/\/dedonatis-partners.ch\/wp-content\/uploads\/2022\/02\/lanyard-300x300.jpg",300,300,true],"medium_large":["https:\/\/dedonatis-partners.ch\/wp-content\/uploads\/2022\/02\/lanyard-768x768.jpg",768,768,true],"large":["https:\/\/dedonatis-partners.ch\/wp-content\/uploads\/2022\/02\/lanyard-1024x1024.jpg",1024,1024,true],"1536x1536":["https:\/\/dedonatis-partners.ch\/wp-content\/uploads\/2022\/02\/lanyard.jpg",1080,1080,false],"2048x2048":["https:\/\/dedonatis-partners.ch\/wp-content\/uploads\/2022\/02\/lanyard.jpg",1080,1080,false],"woocommerce_thumbnail":["https:\/\/dedonatis-partners.ch\/wp-content\/uploads\/2022\/02\/lanyard-300x300.jpg",300,300,true],"woocommerce_single":["https:\/\/dedonatis-partners.ch\/wp-content\/uploads\/2022\/02\/lanyard-600x600.jpg",600,600,true],"woocommerce_gallery_thumbnail":["https:\/\/dedonatis-partners.ch\/wp-content\/uploads\/2022\/02\/lanyard-100x100.jpg",100,100,true]},"uagb_author_info":{"display_name":"Marcel","author_link":"https:\/\/dedonatis-partners.ch\/de\/author\/"},"uagb_comment_info":0,"uagb_excerpt":"Personalisierte Lanyards oder Umh\u00e4ngeb\u00e4nder sind ideal, um Ihre Marke sichtbar zu machen, eine Botschaft zu vermitteln, f\u00fcr eine Veranstaltung oder auch als immer gern gesehener Werbe-Give-away. Wir bieten eine Vielzahl von Materialien an: Polyestergewebe, Jacquardgewebe und verschiedene Personalisierungsm\u00f6glichkeiten: Sublimationsdruck, Siebdruck oder gewebte Stoffe. Verschiedene: Arten von Befestigungen, um Ihren Bed\u00fcrfnissen so weit wie m\u00f6glich zu&hellip;","jetpack_sharing_enabled":true,"_links":{"self":[{"href":"https:\/\/dedonatis-partners.ch\/de\/wp-json\/wp\/v2\/product\/12372","targetHints":{"allow":["GET"]}}],"collection":[{"href":"https:\/\/dedonatis-partners.ch\/de\/wp-json\/wp\/v2\/product"}],"about":[{"href":"https:\/\/dedonatis-partners.ch\/de\/wp-json\/wp\/v2\/types\/product"}],"replies":[{"embeddable":true,"href":"https:\/\/dedonatis-partners.ch\/de\/wp-json\/wp\/v2\/comments?post=12372"}],"version-history":[{"count":0,"href":"https:\/\/dedonatis-partners.ch\/de\/wp-json\/wp\/v2\/product\/12372\/revisions"}],"wp:featuredmedia":[{"embeddable":true,"href":"https:\/\/dedonatis-partners.ch\/de\/wp-json\/wp\/v2\/media\/9278"}],"wp:attachment":[{"href":"https:\/\/dedonatis-partners.ch\/de\/wp-json\/wp\/v2\/media?parent=12372"}],"wp:term":[{"taxonomy":"product_brand","embeddable":true,"href":"https:\/\/dedonatis-partners.ch\/de\/wp-json\/wp\/v2\/product_brand?post=12372"},{"taxonomy":"product_cat","embeddable":true,"href":"https:\/\/dedonatis-partners.ch\/de\/wp-json\/wp\/v2\/product_cat?post=12372"},{"taxonomy":"product_tag","embeddable":true,"href":"https:\/\/dedonatis-partners.ch\/de\/wp-json\/wp\/v2\/product_tag?post=12372"}],"curies":[{"name":"wp","href":"https:\/\/api.w.org\/{rel}","templated":true}]}}