{"id":12373,"date":"2022-02-03T15:43:13","date_gmt":"2022-02-03T15:43:13","guid":{"rendered":"https:\/\/dedonatis-partners.ch\/shop\/unkategorisiert\/pvc-plane\/"},"modified":"2022-02-03T15:43:13","modified_gmt":"2022-02-03T15:43:13","slug":"banner-2","status":"publish","type":"product","link":"https:\/\/dedonatis-partners.ch\/de\/shop\/grossformate\/banner-2\/","title":{"rendered":"PVC-Plane"},"content":{"rendered":"<p>Unsere <strong>Planen<\/strong> sind alle hochaufl\u00f6send in 4 UV-Farben bedruckt, am Rand verst\u00e4rkt und alle 50 cm mit \u00d6sen versehen.<\/p>\n<p>Keine Begrenzung des Formats, bei mehr als 5 m L\u00e4nge werden die Planen verschwei\u00dft.<\/p>\n<p>Andere Veredelungen wie S\u00e4ume oder Schutzlack k\u00f6nnen problemlos angefordert werden.<\/p>\n","protected":false},"excerpt":{"rendered":"<p>Unsere Planen sind alle hochaufl\u00f6send in 4 UV-Farben bedruckt, am Rand verst\u00e4rkt und alle 50 cm mit \u00d6sen versehen. Keine Begrenzung des Formats, bei mehr als 5 m L\u00e4nge werden die Planen verschwei\u00dft. Andere Veredelungen wie S\u00e4ume oder Schutzlack k\u00f6nnen problemlos angefordert werden.<\/p>\n","protected":false},"featured_media":9282,"comment_status":"closed","ping_status":"closed","template":"","meta":{"_acf_changed":false,"_uag_custom_page_level_css":"","_jet_sm_ready_style":"","_jet_sm_style":"","_jet_sm_controls_values":"","_jet_sm_fonts_collection":"","_jet_sm_fonts_links":""},"product_brand":[],"product_cat":[348,312],"product_tag":[],"class_list":{"0":"post-12373","1":"product","2":"type-product","3":"status-publish","4":"has-post-thumbnail","6":"product_cat-grossformate","7":"product_cat-veranstaltungen","8":"sales-flash-overlay","9":"woocommerce-text-align-center","10":"woocommerce-image-align-center","11":"do-quantity-buttons","13":"first","14":"instock","15":"taxable","16":"shipping-taxable","17":"purchasable","18":"product-type-simple"},"acf":[],"uagb_featured_image_src":{"full":["https:\/\/dedonatis-partners.ch\/wp-content\/uploads\/2022\/02\/banner2.jpg",1080,1080,false],"thumbnail":["https:\/\/dedonatis-partners.ch\/wp-content\/uploads\/2022\/02\/banner2-150x150.jpg",150,150,true],"medium":["https:\/\/dedonatis-partners.ch\/wp-content\/uploads\/2022\/02\/banner2-300x300.jpg",300,300,true],"medium_large":["https:\/\/dedonatis-partners.ch\/wp-content\/uploads\/2022\/02\/banner2-768x768.jpg",768,768,true],"large":["https:\/\/dedonatis-partners.ch\/wp-content\/uploads\/2022\/02\/banner2-1024x1024.jpg",1024,1024,true],"1536x1536":["https:\/\/dedonatis-partners.ch\/wp-content\/uploads\/2022\/02\/banner2.jpg",1080,1080,false],"2048x2048":["https:\/\/dedonatis-partners.ch\/wp-content\/uploads\/2022\/02\/banner2.jpg",1080,1080,false],"woocommerce_thumbnail":["https:\/\/dedonatis-partners.ch\/wp-content\/uploads\/2022\/02\/banner2-300x300.jpg",300,300,true],"woocommerce_single":["https:\/\/dedonatis-partners.ch\/wp-content\/uploads\/2022\/02\/banner2-600x600.jpg",600,600,true],"woocommerce_gallery_thumbnail":["https:\/\/dedonatis-partners.ch\/wp-content\/uploads\/2022\/02\/banner2-100x100.jpg",100,100,true]},"uagb_author_info":{"display_name":"Marcel","author_link":"https:\/\/dedonatis-partners.ch\/de\/author\/"},"uagb_comment_info":0,"uagb_excerpt":"Unsere Planen sind alle hochaufl\u00f6send in 4 UV-Farben bedruckt, am Rand verst\u00e4rkt und alle 50 cm mit \u00d6sen versehen. Keine Begrenzung des Formats, bei mehr als 5 m L\u00e4nge werden die Planen verschwei\u00dft. Andere Veredelungen wie S\u00e4ume oder Schutzlack k\u00f6nnen problemlos angefordert werden.","jetpack_sharing_enabled":true,"_links":{"self":[{"href":"https:\/\/dedonatis-partners.ch\/de\/wp-json\/wp\/v2\/product\/12373","targetHints":{"allow":["GET"]}}],"collection":[{"href":"https:\/\/dedonatis-partners.ch\/de\/wp-json\/wp\/v2\/product"}],"about":[{"href":"https:\/\/dedonatis-partners.ch\/de\/wp-json\/wp\/v2\/types\/product"}],"replies":[{"embeddable":true,"href":"https:\/\/dedonatis-partners.ch\/de\/wp-json\/wp\/v2\/comments?post=12373"}],"version-history":[{"count":1,"href":"https:\/\/dedonatis-partners.ch\/de\/wp-json\/wp\/v2\/product\/12373\/revisions"}],"predecessor-version":[{"id":15442,"href":"https:\/\/dedonatis-partners.ch\/de\/wp-json\/wp\/v2\/product\/12373\/revisions\/15442"}],"wp:featuredmedia":[{"embeddable":true,"href":"https:\/\/dedonatis-partners.ch\/de\/wp-json\/wp\/v2\/media\/9282"}],"wp:attachment":[{"href":"https:\/\/dedonatis-partners.ch\/de\/wp-json\/wp\/v2\/media?parent=12373"}],"wp:term":[{"taxonomy":"product_brand","embeddable":true,"href":"https:\/\/dedonatis-partners.ch\/de\/wp-json\/wp\/v2\/product_brand?post=12373"},{"taxonomy":"product_cat","embeddable":true,"href":"https:\/\/dedonatis-partners.ch\/de\/wp-json\/wp\/v2\/product_cat?post=12373"},{"taxonomy":"product_tag","embeddable":true,"href":"https:\/\/dedonatis-partners.ch\/de\/wp-json\/wp\/v2\/product_tag?post=12373"}],"curies":[{"name":"wp","href":"https:\/\/api.w.org\/{rel}","templated":true}]}}