{"id":12377,"date":"2022-02-02T11:49:03","date_gmt":"2022-02-02T11:49:03","guid":{"rendered":"https:\/\/dedonatis-partners.ch\/shop\/unkategorisiert\/strassenplakate-f4\/"},"modified":"2023-01-16T13:14:50","modified_gmt":"2023-01-16T13:14:50","slug":"schweizer-poster","status":"publish","type":"product","link":"https:\/\/dedonatis-partners.ch\/de\/shop\/plakate\/schweizer-poster\/","title":{"rendered":"F4 | Plakate"},"content":{"rendered":"<p>Wir begleiten Sie gerne bei der Planung und Buchung Ihrer Plakatkampagne, indem wir die Orte, die Dauer und das Budget ausw\u00e4hlen.<\/p>\n<p><strong>Formate:<\/strong><br \/>\n<strong>F4<\/strong> | 895 x 1280mm<br \/>\n<strong>F12<\/strong> | 2685 x 1280mm<br \/>\n<strong>F200 | <\/strong>1165 x 1700mm<br \/>\n<strong>F200L | <\/strong> 1190 x 1700mm (Retro beleuchtet)<br \/>\n<strong>F24 | <\/strong>2685 x 2685mm<\/p>\n","protected":false},"excerpt":{"rendered":"<h3>Alles ist m\u00f6glich: von kleinen, gezielten Kampagnen bis hin zu landesweiten Plakaten.<\/h3>\n<p>Im digitalen Zeitalter ist das Plakat immer noch ein wirksames Kommunikationsmittel auf der Stra\u00dfe, wo sich die Menschen t\u00e4glich aufhalten und unweigerlich auf Ihre Plakatkampagne aufmerksam werden.<\/p>\n<p>Unsere Plakate<strong> F4, F12, F200, F200L, F24<\/strong> sind mit den Plakatgesellschaften konform und wir k\u00fcmmern uns ohne zus\u00e4tzliche Kosten um den Versand Ihrer Plakate an die entsprechenden Verarbeitungszentren.<\/p>\n<p>Das F4-Plakat ist allgemein bekannt f\u00fcr seine auff\u00e4llige Optik und sein beeindruckendes Format. Mit einer Gr\u00f6\u00dfe von 895 x 1280 mm wird dieses &#8222;kleine APG&#8220;-Hochformat h\u00e4ufig von Plakatierungsunternehmen wie APG verwendet, um St\u00e4dte mit leuchtenden Farben und Bildern zu versehen, die nicht in Vergessenheit geraten! Und dank des wetterfesten &#8222;APG-Papiers&#8220; ist die Wirkung dieser gro\u00dfen Formate von Dauer.<\/p>\n","protected":false},"featured_media":9287,"comment_status":"closed","ping_status":"closed","template":"","meta":{"_acf_changed":false,"_uag_custom_page_level_css":"","_jet_sm_ready_style":"","_jet_sm_style":"","_jet_sm_controls_values":"","_jet_sm_fonts_collection":"","_jet_sm_fonts_links":""},"product_brand":[],"product_cat":[301,312],"product_tag":[],"class_list":{"0":"post-12377","1":"product","2":"type-product","3":"status-publish","4":"has-post-thumbnail","6":"product_cat-plakate","7":"product_cat-veranstaltungen","8":"sales-flash-overlay","9":"woocommerce-text-align-center","10":"woocommerce-image-align-center","11":"do-quantity-buttons","13":"first","14":"instock","15":"taxable","16":"shipping-taxable","17":"purchasable","18":"product-type-simple"},"acf":[],"uagb_featured_image_src":{"full":["https:\/\/dedonatis-partners.ch\/wp-content\/uploads\/2022\/02\/manifesto-f4.jpg",1080,1080,false],"thumbnail":["https:\/\/dedonatis-partners.ch\/wp-content\/uploads\/2022\/02\/manifesto-f4-150x150.jpg",150,150,true],"medium":["https:\/\/dedonatis-partners.ch\/wp-content\/uploads\/2022\/02\/manifesto-f4-300x300.jpg",300,300,true],"medium_large":["https:\/\/dedonatis-partners.ch\/wp-content\/uploads\/2022\/02\/manifesto-f4-768x768.jpg",768,768,true],"large":["https:\/\/dedonatis-partners.ch\/wp-content\/uploads\/2022\/02\/manifesto-f4-1024x1024.jpg",1024,1024,true],"1536x1536":["https:\/\/dedonatis-partners.ch\/wp-content\/uploads\/2022\/02\/manifesto-f4.jpg",1080,1080,false],"2048x2048":["https:\/\/dedonatis-partners.ch\/wp-content\/uploads\/2022\/02\/manifesto-f4.jpg",1080,1080,false],"woocommerce_thumbnail":["https:\/\/dedonatis-partners.ch\/wp-content\/uploads\/2022\/02\/manifesto-f4-300x300.jpg",300,300,true],"woocommerce_single":["https:\/\/dedonatis-partners.ch\/wp-content\/uploads\/2022\/02\/manifesto-f4-600x600.jpg",600,600,true],"woocommerce_gallery_thumbnail":["https:\/\/dedonatis-partners.ch\/wp-content\/uploads\/2022\/02\/manifesto-f4-100x100.jpg",100,100,true]},"uagb_author_info":{"display_name":"Marcel","author_link":"https:\/\/dedonatis-partners.ch\/de\/author\/"},"uagb_comment_info":0,"uagb_excerpt":"Alles ist m\u00f6glich: von kleinen, gezielten Kampagnen bis hin zu landesweiten Plakaten. Im digitalen Zeitalter ist das Plakat immer noch ein wirksames Kommunikationsmittel auf der Stra\u00dfe, wo sich die Menschen t\u00e4glich aufhalten und unweigerlich auf Ihre Plakatkampagne aufmerksam werden. Unsere Plakate F4, F12, F200, F200L, F24 sind mit den Plakatgesellschaften konform und wir k\u00fcmmern uns&hellip;","jetpack_sharing_enabled":true,"_links":{"self":[{"href":"https:\/\/dedonatis-partners.ch\/de\/wp-json\/wp\/v2\/product\/12377","targetHints":{"allow":["GET"]}}],"collection":[{"href":"https:\/\/dedonatis-partners.ch\/de\/wp-json\/wp\/v2\/product"}],"about":[{"href":"https:\/\/dedonatis-partners.ch\/de\/wp-json\/wp\/v2\/types\/product"}],"replies":[{"embeddable":true,"href":"https:\/\/dedonatis-partners.ch\/de\/wp-json\/wp\/v2\/comments?post=12377"}],"version-history":[{"count":4,"href":"https:\/\/dedonatis-partners.ch\/de\/wp-json\/wp\/v2\/product\/12377\/revisions"}],"predecessor-version":[{"id":15421,"href":"https:\/\/dedonatis-partners.ch\/de\/wp-json\/wp\/v2\/product\/12377\/revisions\/15421"}],"wp:featuredmedia":[{"embeddable":true,"href":"https:\/\/dedonatis-partners.ch\/de\/wp-json\/wp\/v2\/media\/9287"}],"wp:attachment":[{"href":"https:\/\/dedonatis-partners.ch\/de\/wp-json\/wp\/v2\/media?parent=12377"}],"wp:term":[{"taxonomy":"product_brand","embeddable":true,"href":"https:\/\/dedonatis-partners.ch\/de\/wp-json\/wp\/v2\/product_brand?post=12377"},{"taxonomy":"product_cat","embeddable":true,"href":"https:\/\/dedonatis-partners.ch\/de\/wp-json\/wp\/v2\/product_cat?post=12377"},{"taxonomy":"product_tag","embeddable":true,"href":"https:\/\/dedonatis-partners.ch\/de\/wp-json\/wp\/v2\/product_tag?post=12377"}],"curies":[{"name":"wp","href":"https:\/\/api.w.org\/{rel}","templated":true}]}}