{"id":12378,"date":"2021-09-21T07:16:45","date_gmt":"2021-09-21T07:16:45","guid":{"rendered":"https:\/\/dedonatis-partners.ch\/shop\/unkategorisiert\/pme-starter-kit\/"},"modified":"2021-09-21T07:16:45","modified_gmt":"2021-09-21T07:16:45","slug":"pme-starter-kit-2","status":"publish","type":"product","link":"https:\/\/dedonatis-partners.ch\/de\/shop\/bu%cc%88ro-drucksachen\/pme-starter-kit-2\/","title":{"rendered":"PME Starter Kit"},"content":{"rendered":"<p><strong>Ihr Unternehmen richtig starten.<\/strong><\/p>\n<p>W\u00e4hlen Sie aus unseren Sets dasjenige aus, das sich am besten f\u00fcr Ihre Aktivit\u00e4ten eignet.<\/p>\n<p>Unsere KMU-KITs enthalten alles, was Sie f\u00fcr den Start Ihres Unternehmens ben\u00f6tigen:<\/p>\n<ul>\n<li><strong>  Briefkopfpapier,<\/strong><\/li>\n<li><strong>  Umschl\u00e4ge<\/strong><\/li>\n<li><strong>  Visitenkarten<\/strong><\/li>\n<\/ul>\n<p>F\u00fcr andere Zusammenstellungen von Sets <a href=\"https:\/\/www.dedonatis-partners.ch\/demande-offre\" target=\"_blank\" rel=\"noopener\">wenden Sie sich bitte an uns<\/a>.<\/p>\n<p><em>PS. Alle unsere Drucksachen werden im Vierfarbendruck hergestellt. F\u00fcr Sonderdrucke, z. B. in Pantone\u00ae-Farben, wenden Sie sich bitte an uns.<\/em><\/p>\n","protected":false},"excerpt":{"rendered":"<p>Ihr Unternehmen richtig starten. W\u00e4hlen Sie aus unseren Sets dasjenige aus, das sich am besten f\u00fcr Ihre Aktivit\u00e4ten eignet. Unsere KMU-KITs enthalten alles, was Sie f\u00fcr den Start Ihres Unternehmens ben\u00f6tigen: Briefkopfpapier, Umschl\u00e4ge Visitenkarten F\u00fcr andere Zusammenstellungen von Sets wenden Sie sich bitte an uns. PS. Alle unsere Drucksachen werden im Vierfarbendruck hergestellt. F\u00fcr Sonderdrucke, &#8230; <a title=\"PME Starter Kit\" class=\"read-more\" href=\"https:\/\/dedonatis-partners.ch\/de\/shop\/bu%cc%88ro-drucksachen\/pme-starter-kit-2\/\" aria-label=\"Mehr Informationen \u00fcber PME Starter Kit\">Weiterlesen &#8230;<\/a><\/p>\n","protected":false},"featured_media":9367,"comment_status":"closed","ping_status":"closed","template":"","meta":{"_acf_changed":false,"_uag_custom_page_level_css":"","_jet_sm_ready_style":"","_jet_sm_style":"","_jet_sm_controls_values":"","_jet_sm_fonts_collection":"","_jet_sm_fonts_links":""},"product_brand":[],"product_cat":[342],"product_tag":[],"class_list":{"0":"post-12378","1":"product","2":"type-product","3":"status-publish","4":"has-post-thumbnail","6":"product_cat-buro-drucksachen","7":"sales-flash-overlay","8":"woocommerce-text-align-center","9":"woocommerce-image-align-center","10":"do-quantity-buttons","12":"first","13":"instock","14":"taxable","15":"shipping-taxable","16":"purchasable","17":"product-type-variable","18":"has-default-attributes"},"acf":[],"uagb_featured_image_src":{"full":["https:\/\/dedonatis-partners.ch\/wp-content\/uploads\/2022\/05\/starter-kit-10.jpg",1080,1080,false],"thumbnail":["https:\/\/dedonatis-partners.ch\/wp-content\/uploads\/2022\/05\/starter-kit-10-150x150.jpg",150,150,true],"medium":["https:\/\/dedonatis-partners.ch\/wp-content\/uploads\/2022\/05\/starter-kit-10-300x300.jpg",300,300,true],"medium_large":["https:\/\/dedonatis-partners.ch\/wp-content\/uploads\/2022\/05\/starter-kit-10-768x768.jpg",768,768,true],"large":["https:\/\/dedonatis-partners.ch\/wp-content\/uploads\/2022\/05\/starter-kit-10-1024x1024.jpg",1024,1024,true],"1536x1536":["https:\/\/dedonatis-partners.ch\/wp-content\/uploads\/2022\/05\/starter-kit-10.jpg",1080,1080,false],"2048x2048":["https:\/\/dedonatis-partners.ch\/wp-content\/uploads\/2022\/05\/starter-kit-10.jpg",1080,1080,false],"woocommerce_thumbnail":["https:\/\/dedonatis-partners.ch\/wp-content\/uploads\/2022\/05\/starter-kit-10-300x300.jpg",300,300,true],"woocommerce_single":["https:\/\/dedonatis-partners.ch\/wp-content\/uploads\/2022\/05\/starter-kit-10-600x600.jpg",600,600,true],"woocommerce_gallery_thumbnail":["https:\/\/dedonatis-partners.ch\/wp-content\/uploads\/2022\/05\/starter-kit-10-100x100.jpg",100,100,true]},"uagb_author_info":{"display_name":"Marcel","author_link":"https:\/\/dedonatis-partners.ch\/de\/author\/"},"uagb_comment_info":0,"uagb_excerpt":"Ihr Unternehmen richtig starten. W\u00e4hlen Sie aus unseren Sets dasjenige aus, das sich am besten f\u00fcr Ihre Aktivit\u00e4ten eignet. Unsere KMU-KITs enthalten alles, was Sie f\u00fcr den Start Ihres Unternehmens ben\u00f6tigen: Briefkopfpapier, Umschl\u00e4ge Visitenkarten F\u00fcr andere Zusammenstellungen von Sets wenden Sie sich bitte an uns. PS. Alle unsere Drucksachen werden im Vierfarbendruck hergestellt. F\u00fcr Sonderdrucke,&hellip;","jetpack_sharing_enabled":true,"_links":{"self":[{"href":"https:\/\/dedonatis-partners.ch\/de\/wp-json\/wp\/v2\/product\/12378","targetHints":{"allow":["GET"]}}],"collection":[{"href":"https:\/\/dedonatis-partners.ch\/de\/wp-json\/wp\/v2\/product"}],"about":[{"href":"https:\/\/dedonatis-partners.ch\/de\/wp-json\/wp\/v2\/types\/product"}],"replies":[{"embeddable":true,"href":"https:\/\/dedonatis-partners.ch\/de\/wp-json\/wp\/v2\/comments?post=12378"}],"version-history":[{"count":0,"href":"https:\/\/dedonatis-partners.ch\/de\/wp-json\/wp\/v2\/product\/12378\/revisions"}],"wp:featuredmedia":[{"embeddable":true,"href":"https:\/\/dedonatis-partners.ch\/de\/wp-json\/wp\/v2\/media\/9367"}],"wp:attachment":[{"href":"https:\/\/dedonatis-partners.ch\/de\/wp-json\/wp\/v2\/media?parent=12378"}],"wp:term":[{"taxonomy":"product_brand","embeddable":true,"href":"https:\/\/dedonatis-partners.ch\/de\/wp-json\/wp\/v2\/product_brand?post=12378"},{"taxonomy":"product_cat","embeddable":true,"href":"https:\/\/dedonatis-partners.ch\/de\/wp-json\/wp\/v2\/product_cat?post=12378"},{"taxonomy":"product_tag","embeddable":true,"href":"https:\/\/dedonatis-partners.ch\/de\/wp-json\/wp\/v2\/product_tag?post=12378"}],"curies":[{"name":"wp","href":"https:\/\/api.w.org\/{rel}","templated":true}]}}