{"id":9738,"date":"2022-09-17T16:12:49","date_gmt":"2022-09-17T16:12:49","guid":{"rendered":"https:\/\/dedonatis-partners.ch\/shop\/unkategorisiert\/handklatschen\/"},"modified":"2022-09-17T16:12:49","modified_gmt":"2022-09-17T16:12:49","slug":"handklatsche","status":"publish","type":"product","link":"https:\/\/dedonatis-partners.ch\/de\/shop\/flyer-falzflyer\/handklatsche\/","title":{"rendered":"Handklatschen"},"content":{"rendered":"<p>Machen Sie mit dem Handklatscher auf sich aufmerksam!<\/p>\n<p>Unterst\u00fctzen Sie Ihren Lieblingsverein mit den <strong>Handklappern<\/strong>, die mit Ihrer Nachricht bedruckt werden.<\/p>\n<p>Der Handklatscher bietet eine gro\u00dfe Druckfl\u00e4che f\u00fcr deine Werbebotschaften! Beidseitig bedruckt, wird der Werbehandschuh normalerweise von Fans bei Sportveranstaltungen verwendet!<\/p>\n<p>Wird flach geliefert und 8x genutet<\/p>\n","protected":false},"excerpt":{"rendered":"<p>Machen Sie mit dem Handklatscher auf sich aufmerksam! Unterst\u00fctzen Sie Ihren Lieblingsverein mit den Handklappern, die mit Ihrer Nachricht bedruckt werden. Der Handklatscher bietet eine gro\u00dfe Druckfl\u00e4che f\u00fcr deine Werbebotschaften! Beidseitig bedruckt, wird der Werbehandschuh normalerweise von Fans bei Sportveranstaltungen verwendet! Wird flach geliefert und 8x genutet<\/p>\n","protected":false},"featured_media":12421,"comment_status":"open","ping_status":"closed","template":"","meta":{"_acf_changed":false,"_uag_custom_page_level_css":"","_jet_sm_ready_style":"","_jet_sm_style":"","_jet_sm_controls_values":"","_jet_sm_fonts_collection":"","_jet_sm_fonts_links":""},"product_brand":[],"product_cat":[311,312],"product_tag":[],"class_list":{"0":"post-9738","1":"product","2":"type-product","3":"status-publish","4":"has-post-thumbnail","6":"product_cat-flyer-falzflyer","7":"product_cat-veranstaltungen","8":"sales-flash-overlay","9":"woocommerce-text-align-center","10":"woocommerce-image-align-center","11":"do-quantity-buttons","13":"first","14":"instock","15":"taxable","16":"shipping-taxable","17":"product-type-variable","18":"has-default-attributes"},"acf":[],"uagb_featured_image_src":{"full":["https:\/\/dedonatis-partners.ch\/wp-content\/uploads\/2022\/09\/claque-mains.jpg",1080,1080,false],"thumbnail":["https:\/\/dedonatis-partners.ch\/wp-content\/uploads\/2022\/09\/claque-mains-150x150.jpg",150,150,true],"medium":["https:\/\/dedonatis-partners.ch\/wp-content\/uploads\/2022\/09\/claque-mains-300x300.jpg",300,300,true],"medium_large":["https:\/\/dedonatis-partners.ch\/wp-content\/uploads\/2022\/09\/claque-mains-768x768.jpg",768,768,true],"large":["https:\/\/dedonatis-partners.ch\/wp-content\/uploads\/2022\/09\/claque-mains-1024x1024.jpg",1024,1024,true],"1536x1536":["https:\/\/dedonatis-partners.ch\/wp-content\/uploads\/2022\/09\/claque-mains.jpg",1080,1080,false],"2048x2048":["https:\/\/dedonatis-partners.ch\/wp-content\/uploads\/2022\/09\/claque-mains.jpg",1080,1080,false],"woocommerce_thumbnail":["https:\/\/dedonatis-partners.ch\/wp-content\/uploads\/2022\/09\/claque-mains-300x300.jpg",300,300,true],"woocommerce_single":["https:\/\/dedonatis-partners.ch\/wp-content\/uploads\/2022\/09\/claque-mains-600x600.jpg",600,600,true],"woocommerce_gallery_thumbnail":["https:\/\/dedonatis-partners.ch\/wp-content\/uploads\/2022\/09\/claque-mains-100x100.jpg",100,100,true]},"uagb_author_info":{"display_name":"Antonio De Donatis","author_link":"https:\/\/dedonatis-partners.ch\/de\/author\/"},"uagb_comment_info":0,"uagb_excerpt":"Machen Sie mit dem Handklatscher auf sich aufmerksam! Unterst\u00fctzen Sie Ihren Lieblingsverein mit den Handklappern, die mit Ihrer Nachricht bedruckt werden. Der Handklatscher bietet eine gro\u00dfe Druckfl\u00e4che f\u00fcr deine Werbebotschaften! Beidseitig bedruckt, wird der Werbehandschuh normalerweise von Fans bei Sportveranstaltungen verwendet! Wird flach geliefert und 8x genutet","jetpack_sharing_enabled":true,"_links":{"self":[{"href":"https:\/\/dedonatis-partners.ch\/de\/wp-json\/wp\/v2\/product\/9738","targetHints":{"allow":["GET"]}}],"collection":[{"href":"https:\/\/dedonatis-partners.ch\/de\/wp-json\/wp\/v2\/product"}],"about":[{"href":"https:\/\/dedonatis-partners.ch\/de\/wp-json\/wp\/v2\/types\/product"}],"replies":[{"embeddable":true,"href":"https:\/\/dedonatis-partners.ch\/de\/wp-json\/wp\/v2\/comments?post=9738"}],"version-history":[{"count":0,"href":"https:\/\/dedonatis-partners.ch\/de\/wp-json\/wp\/v2\/product\/9738\/revisions"}],"wp:featuredmedia":[{"embeddable":true,"href":"https:\/\/dedonatis-partners.ch\/de\/wp-json\/wp\/v2\/media\/12421"}],"wp:attachment":[{"href":"https:\/\/dedonatis-partners.ch\/de\/wp-json\/wp\/v2\/media?parent=9738"}],"wp:term":[{"taxonomy":"product_brand","embeddable":true,"href":"https:\/\/dedonatis-partners.ch\/de\/wp-json\/wp\/v2\/product_brand?post=9738"},{"taxonomy":"product_cat","embeddable":true,"href":"https:\/\/dedonatis-partners.ch\/de\/wp-json\/wp\/v2\/product_cat?post=9738"},{"taxonomy":"product_tag","embeddable":true,"href":"https:\/\/dedonatis-partners.ch\/de\/wp-json\/wp\/v2\/product_tag?post=9738"}],"curies":[{"name":"wp","href":"https:\/\/api.w.org\/{rel}","templated":true}]}}